{"id":73,"date":"2018-10-03T17:13:19","date_gmt":"2018-10-03T15:13:19","guid":{"rendered":"http:\/\/www.altstadthaeusle.de\/wordpress\/?page_id=73"},"modified":"2022-07-13T16:47:15","modified_gmt":"2022-07-13T14:47:15","slug":"buchung-kontakt-und-belegungsplan","status":"publish","type":"page","link":"http:\/\/www.altstadthaeusle.de\/wordpress\/buchung-kontakt-und-belegungsplan\/","title":{"rendered":"Belegungsplan, Buchung und Kontaktadresse"},"content":{"rendered":"\n<p><\/p>\n\n\n\n<h2 class=\"wp-block-heading\">Buchungsanfrage<\/h2>\n\n\n\n<a href=\"http:\/\/www.altstadthaeusle.de\/backend\/belegungsplan\/belegungsplan.php\">Belegungsplan gro\u00df<\/a>\n<iframe loading=\"lazy\" src=\"http:\/\/www.altstadthaeusle.de\/backend\/belegungsplan\/belegungsplan.php\" title=\"belegungsplan\" width=\"1100\" height=\"400\"><\/iframe>\n\n\n\n<div class=\"wp-block-contact-form-7-contact-form-selector\">\n<div class=\"wpcf7 no-js\" id=\"wpcf7-f136-o1\" lang=\"de-DE\" dir=\"ltr\" data-wpcf7-id=\"136\">\n<div class=\"screen-reader-response\"><p role=\"status\" aria-live=\"polite\" aria-atomic=\"true\"><\/p> <ul><\/ul><\/div>\n<form action=\"\/wordpress\/wp-json\/wp\/v2\/pages\/73#wpcf7-f136-o1\" method=\"post\" class=\"wpcf7-form init\" aria-label=\"Kontaktformular\" novalidate=\"novalidate\" data-status=\"init\">\n<fieldset class=\"hidden-fields-container\"><input type=\"hidden\" name=\"_wpcf7\" value=\"136\" \/><input type=\"hidden\" name=\"_wpcf7_version\" value=\"6.1.5\" \/><input type=\"hidden\" name=\"_wpcf7_locale\" value=\"de_DE\" \/><input type=\"hidden\" name=\"_wpcf7_unit_tag\" value=\"wpcf7-f136-o1\" \/><input type=\"hidden\" name=\"_wpcf7_container_post\" value=\"0\" \/><input type=\"hidden\" name=\"_wpcf7_posted_data_hash\" value=\"\" \/>\n<\/fieldset>\n<p><label>Ihr Name (Pflichtfeld)<\/label><br \/>\n<span class=\"wpcf7-form-control-wrap\" data-name=\"your-name\"><input size=\"40\" maxlength=\"400\" class=\"wpcf7-form-control wpcf7-text wpcf7-validates-as-required\" aria-required=\"true\" aria-invalid=\"false\" value=\"\" type=\"text\" name=\"your-name\" \/><\/span><br \/>\n<label>Anreise (Pflichtfeld) <span class=\"wpcf7-form-control-wrap\" data-name=\"date-anreise\"><input class=\"wpcf7-form-control wpcf7-date wpcf7-validates-as-required wpcf7-validates-as-date\" aria-required=\"true\" aria-invalid=\"false\" value=\"YYYY-MM-DD\" type=\"date\" name=\"date-anreise\" \/><\/span><\/label><br \/>\n<label>Abreise (Pflichtfeld) <span class=\"wpcf7-form-control-wrap\" data-name=\"date-abreise\"><input class=\"wpcf7-form-control wpcf7-date wpcf7-validates-as-required wpcf7-validates-as-date\" aria-required=\"true\" aria-invalid=\"false\" value=\"YYYY-MM-DD\" type=\"date\" name=\"date-abreise\" \/><\/span><\/label><br \/>\n<label>Anzahl Personen (Pflichtfeld)<\/label><br \/>\n<span class=\"wpcf7-form-control-wrap\" data-name=\"radio-446\"><span class=\"wpcf7-form-control wpcf7-radio\"><span class=\"wpcf7-list-item first\"><span class=\"wpcf7-list-item-label\">1<\/span><input type=\"radio\" name=\"radio-446\" value=\"1\" checked=\"checked\" \/><\/span><span class=\"wpcf7-list-item\"><span class=\"wpcf7-list-item-label\">2<\/span><input type=\"radio\" name=\"radio-446\" value=\"2\" \/><\/span><span class=\"wpcf7-list-item\"><span class=\"wpcf7-list-item-label\">3<\/span><input type=\"radio\" name=\"radio-446\" value=\"3\" \/><\/span><span class=\"wpcf7-list-item last\"><span class=\"wpcf7-list-item-label\">4<\/span><input type=\"radio\" name=\"radio-446\" value=\"4\" \/><\/span><\/span><\/span><br \/>\n<label>Ihre E-Mail-Adresse (Pflichtfeld)<\/label><br \/>\n<span class=\"wpcf7-form-control-wrap\" data-name=\"your-email\"><input size=\"40\" maxlength=\"400\" class=\"wpcf7-form-control wpcf7-email wpcf7-validates-as-required wpcf7-text wpcf7-validates-as-email\" aria-required=\"true\" aria-invalid=\"false\" value=\"\" type=\"email\" name=\"your-email\" \/><\/span><br \/>\n<label>Ihre Telefonnummer (Pflichtfeld)<\/label><br \/>\n<span class=\"wpcf7-form-control-wrap\" data-name=\"tel-610\"><input size=\"40\" maxlength=\"400\" class=\"wpcf7-form-control wpcf7-tel wpcf7-validates-as-required wpcf7-text wpcf7-validates-as-tel\" aria-required=\"true\" aria-invalid=\"false\" value=\"\" type=\"tel\" name=\"tel-610\" \/><\/span><br \/>\n<label>Ihre Nachricht (Pflichtfeld) <span class=\"wpcf7-form-control-wrap\" data-name=\"your-message\"><textarea cols=\"40\" rows=\"10\" maxlength=\"2000\" class=\"wpcf7-form-control wpcf7-textarea\" aria-invalid=\"false\" name=\"your-message\"><\/textarea><\/span><\/label><br \/>\n<span class=\"wpcf7-form-control-wrap\" data-name=\"quiz-980\"><label><span class=\"wpcf7-quiz-label\">Hauptstadt von Deutschland?<\/span> <input size=\"40\" class=\"wpcf7-form-control wpcf7-quiz\" autocomplete=\"off\" aria-required=\"true\" aria-invalid=\"false\" type=\"text\" name=\"quiz-980\" \/><\/label><input type=\"hidden\" name=\"_wpcf7_quiz_answer_quiz-980\" value=\"73083fa2063eff25f1293c049585b196\" \/><\/span><br \/>\n<input class=\"wpcf7-form-control wpcf7-submit has-spinner\" type=\"submit\" value=\"Senden\" \/>\n<\/p><div class=\"wpcf7-response-output\" aria-hidden=\"true\"><\/div>\n<\/form>\n<\/div>\n<\/div>\n\n\n\n<p> <\/p>\n\n\n\n<h2 class=\"wp-block-heading\">Kontaktadresse<\/h2>\n\n\n\n<p>Martina Laufer<br>Schulstr. 9<br>D-88662 \u00dcberlingen<br>E-Mail: altstadthaeusle@web.de<br>Tel. +49 (0)172 73 19 087<\/p>\n","protected":false},"excerpt":{"rendered":"<p>Buchungsanfrage Belegungsplan gro\u00df Kontaktadresse Martina LauferSchulstr. 9D-88662 \u00dcberlingenE-Mail: altstadthaeusle@web.deTel. +49 (0)172 73 19 087<\/p>\n","protected":false},"author":2,"featured_media":0,"parent":0,"menu_order":0,"comment_status":"closed","ping_status":"closed","template":"","meta":{"ngg_post_thumbnail":0,"footnotes":""},"class_list":["post-73","page","type-page","status-publish","hentry"],"yoast_head":"<!-- This site is optimized with the Yoast SEO plugin v23.9 - https:\/\/yoast.com\/wordpress\/plugins\/seo\/ -->\n<title>Belegungsplan, Buchung und Kontaktadresse - Altstadth\u00e4usle \u00dcberlingen<\/title>\n<meta name=\"robots\" content=\"index, follow, max-snippet:-1, max-image-preview:large, max-video-preview:-1\" \/>\n<link rel=\"canonical\" href=\"http:\/\/www.altstadthaeusle.de\/wordpress\/buchung-kontakt-und-belegungsplan\/\" \/>\n<meta property=\"og:locale\" content=\"de_DE\" \/>\n<meta property=\"og:type\" content=\"article\" \/>\n<meta property=\"og:title\" content=\"Belegungsplan, Buchung und Kontaktadresse - Altstadth\u00e4usle \u00dcberlingen\" \/>\n<meta property=\"og:description\" content=\"Buchungsanfrage Belegungsplan gro\u00df Kontaktadresse Martina LauferSchulstr. 9D-88662 \u00dcberlingenE-Mail: altstadthaeusle@web.deTel. +49 (0)172 73 19 087\" \/>\n<meta property=\"og:url\" content=\"http:\/\/www.altstadthaeusle.de\/wordpress\/buchung-kontakt-und-belegungsplan\/\" \/>\n<meta property=\"og:site_name\" content=\"Altstadth\u00e4usle \u00dcberlingen\" \/>\n<meta property=\"article:publisher\" content=\"https:\/\/www.facebook.com\/profile.php?id=100063706626687\" \/>\n<meta property=\"article:modified_time\" content=\"2022-07-13T14:47:15+00:00\" \/>\n<meta name=\"twitter:card\" content=\"summary_large_image\" \/>\n<script type=\"application\/ld+json\" class=\"yoast-schema-graph\">{\"@context\":\"https:\/\/schema.org\",\"@graph\":[{\"@type\":\"WebPage\",\"@id\":\"http:\/\/www.altstadthaeusle.de\/wordpress\/buchung-kontakt-und-belegungsplan\/\",\"url\":\"http:\/\/www.altstadthaeusle.de\/wordpress\/buchung-kontakt-und-belegungsplan\/\",\"name\":\"Belegungsplan, Buchung und Kontaktadresse - Altstadth\u00e4usle \u00dcberlingen\",\"isPartOf\":{\"@id\":\"http:\/\/www.altstadthaeusle.de\/wordpress\/#website\"},\"datePublished\":\"2018-10-03T15:13:19+00:00\",\"dateModified\":\"2022-07-13T14:47:15+00:00\",\"breadcrumb\":{\"@id\":\"http:\/\/www.altstadthaeusle.de\/wordpress\/buchung-kontakt-und-belegungsplan\/#breadcrumb\"},\"inLanguage\":\"de\",\"potentialAction\":[{\"@type\":\"ReadAction\",\"target\":[\"http:\/\/www.altstadthaeusle.de\/wordpress\/buchung-kontakt-und-belegungsplan\/\"]}]},{\"@type\":\"BreadcrumbList\",\"@id\":\"http:\/\/www.altstadthaeusle.de\/wordpress\/buchung-kontakt-und-belegungsplan\/#breadcrumb\",\"itemListElement\":[{\"@type\":\"ListItem\",\"position\":1,\"name\":\"Startseite\",\"item\":\"http:\/\/www.altstadthaeusle.de\/wordpress\/\"},{\"@type\":\"ListItem\",\"position\":2,\"name\":\"Belegungsplan, Buchung und Kontaktadresse\"}]},{\"@type\":\"WebSite\",\"@id\":\"http:\/\/www.altstadthaeusle.de\/wordpress\/#website\",\"url\":\"http:\/\/www.altstadthaeusle.de\/wordpress\/\",\"name\":\"Altstadth\u00e4usle \u00dcberlingen\",\"description\":\"Ferienwohnung Altstadth\u00e4usle in \u00dcberlingen am Bodensee \",\"publisher\":{\"@id\":\"http:\/\/www.altstadthaeusle.de\/wordpress\/#organization\"},\"potentialAction\":[{\"@type\":\"SearchAction\",\"target\":{\"@type\":\"EntryPoint\",\"urlTemplate\":\"http:\/\/www.altstadthaeusle.de\/wordpress\/?s={search_term_string}\"},\"query-input\":{\"@type\":\"PropertyValueSpecification\",\"valueRequired\":true,\"valueName\":\"search_term_string\"}}],\"inLanguage\":\"de\"},{\"@type\":\"Organization\",\"@id\":\"http:\/\/www.altstadthaeusle.de\/wordpress\/#organization\",\"name\":\"Altstadth\u00e4usle \u00dcberlingen\",\"url\":\"http:\/\/www.altstadthaeusle.de\/wordpress\/\",\"logo\":{\"@type\":\"ImageObject\",\"inLanguage\":\"de\",\"@id\":\"http:\/\/www.altstadthaeusle.de\/wordpress\/#\/schema\/logo\/image\/\",\"url\":\"http:\/\/www.altstadthaeusle.de\/wordpress\/wp-content\/uploads\/2018\/10\/frosch-02-512.png\",\"contentUrl\":\"http:\/\/www.altstadthaeusle.de\/wordpress\/wp-content\/uploads\/2018\/10\/frosch-02-512.png\",\"width\":512,\"height\":512,\"caption\":\"Altstadth\u00e4usle \u00dcberlingen\"},\"image\":{\"@id\":\"http:\/\/www.altstadthaeusle.de\/wordpress\/#\/schema\/logo\/image\/\"},\"sameAs\":[\"https:\/\/www.facebook.com\/profile.php?id=100063706626687\"]}]}<\/script>\n<!-- \/ Yoast SEO plugin. -->","yoast_head_json":{"title":"Belegungsplan, Buchung und Kontaktadresse - Altstadth\u00e4usle \u00dcberlingen","robots":{"index":"index","follow":"follow","max-snippet":"max-snippet:-1","max-image-preview":"max-image-preview:large","max-video-preview":"max-video-preview:-1"},"canonical":"http:\/\/www.altstadthaeusle.de\/wordpress\/buchung-kontakt-und-belegungsplan\/","og_locale":"de_DE","og_type":"article","og_title":"Belegungsplan, Buchung und Kontaktadresse - Altstadth\u00e4usle \u00dcberlingen","og_description":"Buchungsanfrage Belegungsplan gro\u00df Kontaktadresse Martina LauferSchulstr. 9D-88662 \u00dcberlingenE-Mail: altstadthaeusle@web.deTel. +49 (0)172 73 19 087","og_url":"http:\/\/www.altstadthaeusle.de\/wordpress\/buchung-kontakt-und-belegungsplan\/","og_site_name":"Altstadth\u00e4usle \u00dcberlingen","article_publisher":"https:\/\/www.facebook.com\/profile.php?id=100063706626687","article_modified_time":"2022-07-13T14:47:15+00:00","twitter_card":"summary_large_image","schema":{"@context":"https:\/\/schema.org","@graph":[{"@type":"WebPage","@id":"http:\/\/www.altstadthaeusle.de\/wordpress\/buchung-kontakt-und-belegungsplan\/","url":"http:\/\/www.altstadthaeusle.de\/wordpress\/buchung-kontakt-und-belegungsplan\/","name":"Belegungsplan, Buchung und Kontaktadresse - Altstadth\u00e4usle \u00dcberlingen","isPartOf":{"@id":"http:\/\/www.altstadthaeusle.de\/wordpress\/#website"},"datePublished":"2018-10-03T15:13:19+00:00","dateModified":"2022-07-13T14:47:15+00:00","breadcrumb":{"@id":"http:\/\/www.altstadthaeusle.de\/wordpress\/buchung-kontakt-und-belegungsplan\/#breadcrumb"},"inLanguage":"de","potentialAction":[{"@type":"ReadAction","target":["http:\/\/www.altstadthaeusle.de\/wordpress\/buchung-kontakt-und-belegungsplan\/"]}]},{"@type":"BreadcrumbList","@id":"http:\/\/www.altstadthaeusle.de\/wordpress\/buchung-kontakt-und-belegungsplan\/#breadcrumb","itemListElement":[{"@type":"ListItem","position":1,"name":"Startseite","item":"http:\/\/www.altstadthaeusle.de\/wordpress\/"},{"@type":"ListItem","position":2,"name":"Belegungsplan, Buchung und Kontaktadresse"}]},{"@type":"WebSite","@id":"http:\/\/www.altstadthaeusle.de\/wordpress\/#website","url":"http:\/\/www.altstadthaeusle.de\/wordpress\/","name":"Altstadth\u00e4usle \u00dcberlingen","description":"Ferienwohnung Altstadth\u00e4usle in \u00dcberlingen am Bodensee ","publisher":{"@id":"http:\/\/www.altstadthaeusle.de\/wordpress\/#organization"},"potentialAction":[{"@type":"SearchAction","target":{"@type":"EntryPoint","urlTemplate":"http:\/\/www.altstadthaeusle.de\/wordpress\/?s={search_term_string}"},"query-input":{"@type":"PropertyValueSpecification","valueRequired":true,"valueName":"search_term_string"}}],"inLanguage":"de"},{"@type":"Organization","@id":"http:\/\/www.altstadthaeusle.de\/wordpress\/#organization","name":"Altstadth\u00e4usle \u00dcberlingen","url":"http:\/\/www.altstadthaeusle.de\/wordpress\/","logo":{"@type":"ImageObject","inLanguage":"de","@id":"http:\/\/www.altstadthaeusle.de\/wordpress\/#\/schema\/logo\/image\/","url":"http:\/\/www.altstadthaeusle.de\/wordpress\/wp-content\/uploads\/2018\/10\/frosch-02-512.png","contentUrl":"http:\/\/www.altstadthaeusle.de\/wordpress\/wp-content\/uploads\/2018\/10\/frosch-02-512.png","width":512,"height":512,"caption":"Altstadth\u00e4usle \u00dcberlingen"},"image":{"@id":"http:\/\/www.altstadthaeusle.de\/wordpress\/#\/schema\/logo\/image\/"},"sameAs":["https:\/\/www.facebook.com\/profile.php?id=100063706626687"]}]}},"_links":{"self":[{"href":"http:\/\/www.altstadthaeusle.de\/wordpress\/wp-json\/wp\/v2\/pages\/73","targetHints":{"allow":["GET"]}}],"collection":[{"href":"http:\/\/www.altstadthaeusle.de\/wordpress\/wp-json\/wp\/v2\/pages"}],"about":[{"href":"http:\/\/www.altstadthaeusle.de\/wordpress\/wp-json\/wp\/v2\/types\/page"}],"author":[{"embeddable":true,"href":"http:\/\/www.altstadthaeusle.de\/wordpress\/wp-json\/wp\/v2\/users\/2"}],"replies":[{"embeddable":true,"href":"http:\/\/www.altstadthaeusle.de\/wordpress\/wp-json\/wp\/v2\/comments?post=73"}],"version-history":[{"count":84,"href":"http:\/\/www.altstadthaeusle.de\/wordpress\/wp-json\/wp\/v2\/pages\/73\/revisions"}],"predecessor-version":[{"id":441,"href":"http:\/\/www.altstadthaeusle.de\/wordpress\/wp-json\/wp\/v2\/pages\/73\/revisions\/441"}],"wp:attachment":[{"href":"http:\/\/www.altstadthaeusle.de\/wordpress\/wp-json\/wp\/v2\/media?parent=73"}],"curies":[{"name":"wp","href":"https:\/\/api.w.org\/{rel}","templated":true}]}}