{"id":5,"date":"2018-08-05T17:53:46","date_gmt":"2018-08-05T15:53:46","guid":{"rendered":"http:\/\/www.altstadthaeusle.de\/wordpress\/?page_id=5"},"modified":"2019-04-28T12:38:22","modified_gmt":"2019-04-28T10:38:22","slug":"das-altstadthaeusle","status":"publish","type":"page","link":"http:\/\/www.altstadthaeusle.de\/wordpress\/","title":{"rendered":"Das Altstadth\u00e4usle"},"content":{"rendered":"\n<figure class=\"wp-block-image\"><img loading=\"lazy\" decoding=\"async\" width=\"1024\" height=\"755\" src=\"http:\/\/www.altstadthaeusle.de\/wordpress\/wp-content\/uploads\/2019\/04\/Startseite-3-1024x755.jpg\" alt=\"\" class=\"wp-image-334\" srcset=\"http:\/\/www.altstadthaeusle.de\/wordpress\/wp-content\/uploads\/2019\/04\/Startseite-3-1024x755.jpg 1024w, http:\/\/www.altstadthaeusle.de\/wordpress\/wp-content\/uploads\/2019\/04\/Startseite-3-300x221.jpg 300w, http:\/\/www.altstadthaeusle.de\/wordpress\/wp-content\/uploads\/2019\/04\/Startseite-3-768x566.jpg 768w\" sizes=\"auto, (max-width: 1024px) 100vw, 1024px\" \/><\/figure>\n\n\n\n<p>Erleben Sie eine sch\u00f6ne Zeit am Bodensee in der bezaubernd eingerichteten und sehr gem\u00fctlichen <strong>Ferienwohnung Altstadth\u00e4usle.<\/strong><br><\/p>\n\n\n\n<div class=\"alignnormal\"><div id=\"metaslider-id-312\" style=\"width: 100%;\" class=\"ml-slider-3-93-0 metaslider metaslider-flex metaslider-312 ml-slider ms-theme-cubic has-dots-nav\" role=\"region\" aria-roledescription=\"Slideshow\" aria-label=\"Slideshow\">\n    <div id=\"metaslider_container_312\">\n        <div id=\"metaslider_312\">\n            <ul class='slides'>\n                <li style=\"display: block; width: 100%;\" class=\"slide-313 ms-image \" aria-roledescription=\"slide\" aria-label=\"slide-313\"><img loading=\"lazy\" decoding=\"async\" src=\"http:\/\/www.altstadthaeusle.de\/wordpress\/wp-content\/uploads\/2019\/04\/haus_640_3-640x182.jpg\" height=\"200\" width=\"700\" alt=\"\" class=\"slider-312 slide-313\" title=\"haus_640_3\" \/><\/li>\n                <li style=\"display: none; width: 100%;\" class=\"slide-314 ms-image \" aria-roledescription=\"slide\" aria-label=\"slide-314\"><img loading=\"lazy\" decoding=\"async\" src=\"http:\/\/www.altstadthaeusle.de\/wordpress\/wp-content\/uploads\/2019\/04\/haus_640_1-640x182.jpg\" height=\"200\" width=\"700\" alt=\"\" class=\"slider-312 slide-314\" title=\"haus_640_1\" \/><\/li>\n                <li style=\"display: none; width: 100%;\" class=\"slide-315 ms-image \" aria-roledescription=\"slide\" aria-label=\"slide-315\"><img loading=\"lazy\" decoding=\"async\" src=\"http:\/\/www.altstadthaeusle.de\/wordpress\/wp-content\/uploads\/2018\/08\/ash6_1200-1-700x200.jpg\" height=\"200\" width=\"700\" alt=\"\" class=\"slider-312 slide-315\" title=\"ash6_1200\" \/><\/li>\n                <li style=\"display: none; width: 100%;\" class=\"slide-316 ms-image \" aria-roledescription=\"slide\" aria-label=\"slide-316\"><img loading=\"lazy\" decoding=\"async\" src=\"http:\/\/www.altstadthaeusle.de\/wordpress\/wp-content\/uploads\/2018\/08\/ash2_1200-1-700x200.jpg\" height=\"200\" width=\"700\" alt=\"\" class=\"slider-312 slide-316\" title=\"Wohnzimmer\" \/><\/li>\n                <li style=\"display: none; width: 100%;\" class=\"slide-317 ms-image \" aria-roledescription=\"slide\" aria-label=\"slide-317\"><img loading=\"lazy\" decoding=\"async\" src=\"http:\/\/www.altstadthaeusle.de\/wordpress\/wp-content\/uploads\/2018\/08\/ash1_1200-1-700x200.jpg\" height=\"200\" width=\"700\" alt=\"\" class=\"slider-312 slide-317\" title=\"ash1_1200\" \/><\/li>\n                <li style=\"display: none; width: 100%;\" class=\"slide-318 ms-image \" aria-roledescription=\"slide\" aria-label=\"slide-318\"><img loading=\"lazy\" decoding=\"async\" src=\"http:\/\/www.altstadthaeusle.de\/wordpress\/wp-content\/uploads\/2018\/08\/ash9_1200-1-567x162.jpg\" height=\"200\" width=\"700\" alt=\"\" class=\"slider-312 slide-318\" title=\"ash9_1200\" \/><\/li>\n                <li style=\"display: none; width: 100%;\" class=\"slide-319 ms-image \" aria-roledescription=\"slide\" aria-label=\"slide-319\"><img loading=\"lazy\" decoding=\"async\" src=\"http:\/\/www.altstadthaeusle.de\/wordpress\/wp-content\/uploads\/2018\/08\/ash4_1200-1-700x200.jpg\" height=\"200\" width=\"700\" alt=\"\" class=\"slider-312 slide-319\" title=\"ash4_1200\" \/><\/li>\n                <li style=\"display: none; width: 100%;\" class=\"slide-320 ms-image \" aria-roledescription=\"slide\" aria-label=\"slide-320\"><img loading=\"lazy\" decoding=\"async\" src=\"http:\/\/www.altstadthaeusle.de\/wordpress\/wp-content\/uploads\/2018\/08\/ash7_1200-1-700x200.jpg\" height=\"200\" width=\"700\" alt=\"\" class=\"slider-312 slide-320\" title=\"ash7_1200\" \/><\/li>\n            <\/ul>\n        <\/div>\n        \n    <\/div>\n<\/div><\/div>\n","protected":false},"excerpt":{"rendered":"<p>Erleben Sie eine sch\u00f6ne Zeit am Bodensee in der bezaubernd eingerichteten und sehr gem\u00fctlichen Ferienwohnung Altstadth\u00e4usle.<\/p>\n","protected":false},"author":1,"featured_media":0,"parent":0,"menu_order":10,"comment_status":"closed","ping_status":"closed","template":"","meta":{"ngg_post_thumbnail":0,"footnotes":""},"class_list":["post-5","page","type-page","status-publish","hentry"],"yoast_head":"<!-- This site is optimized with the Yoast SEO plugin v23.9 - https:\/\/yoast.com\/wordpress\/plugins\/seo\/ -->\n<title>Das Altstadth\u00e4usle - Altstadth\u00e4usle \u00dcberlingen<\/title>\n<meta name=\"robots\" content=\"index, follow, max-snippet:-1, max-image-preview:large, max-video-preview:-1\" \/>\n<link rel=\"canonical\" href=\"http:\/\/www.altstadthaeusle.de\/wordpress\/\" \/>\n<meta property=\"og:locale\" content=\"de_DE\" \/>\n<meta property=\"og:type\" content=\"article\" \/>\n<meta property=\"og:title\" content=\"Das Altstadth\u00e4usle - Altstadth\u00e4usle \u00dcberlingen\" \/>\n<meta property=\"og:description\" content=\"Erleben Sie eine sch\u00f6ne Zeit am Bodensee in der bezaubernd eingerichteten und sehr gem\u00fctlichen Ferienwohnung Altstadth\u00e4usle.\" \/>\n<meta property=\"og:url\" content=\"http:\/\/www.altstadthaeusle.de\/wordpress\/\" \/>\n<meta property=\"og:site_name\" content=\"Altstadth\u00e4usle \u00dcberlingen\" \/>\n<meta property=\"article:publisher\" content=\"https:\/\/www.facebook.com\/profile.php?id=100063706626687\" \/>\n<meta property=\"article:modified_time\" content=\"2019-04-28T10:38:22+00:00\" \/>\n<meta property=\"og:image\" content=\"http:\/\/www.altstadthaeusle.de\/wordpress\/wp-content\/uploads\/2019\/04\/Startseite-3-1024x755.jpg\" \/>\n<meta name=\"twitter:card\" content=\"summary_large_image\" \/>\n<script type=\"application\/ld+json\" class=\"yoast-schema-graph\">{\"@context\":\"https:\/\/schema.org\",\"@graph\":[{\"@type\":\"WebPage\",\"@id\":\"http:\/\/www.altstadthaeusle.de\/wordpress\/\",\"url\":\"http:\/\/www.altstadthaeusle.de\/wordpress\/\",\"name\":\"Das Altstadth\u00e4usle - Altstadth\u00e4usle \u00dcberlingen\",\"isPartOf\":{\"@id\":\"http:\/\/www.altstadthaeusle.de\/wordpress\/#website\"},\"primaryImageOfPage\":{\"@id\":\"http:\/\/www.altstadthaeusle.de\/wordpress\/#primaryimage\"},\"image\":{\"@id\":\"http:\/\/www.altstadthaeusle.de\/wordpress\/#primaryimage\"},\"thumbnailUrl\":\"http:\/\/www.altstadthaeusle.de\/wordpress\/wp-content\/uploads\/2019\/04\/Startseite-3-1024x755.jpg\",\"datePublished\":\"2018-08-05T15:53:46+00:00\",\"dateModified\":\"2019-04-28T10:38:22+00:00\",\"breadcrumb\":{\"@id\":\"http:\/\/www.altstadthaeusle.de\/wordpress\/#breadcrumb\"},\"inLanguage\":\"de\",\"potentialAction\":[{\"@type\":\"ReadAction\",\"target\":[\"http:\/\/www.altstadthaeusle.de\/wordpress\/\"]}]},{\"@type\":\"ImageObject\",\"inLanguage\":\"de\",\"@id\":\"http:\/\/www.altstadthaeusle.de\/wordpress\/#primaryimage\",\"url\":\"http:\/\/www.altstadthaeusle.de\/wordpress\/wp-content\/uploads\/2019\/04\/Startseite-3.jpg\",\"contentUrl\":\"http:\/\/www.altstadthaeusle.de\/wordpress\/wp-content\/uploads\/2019\/04\/Startseite-3.jpg\",\"width\":3525,\"height\":2600,\"caption\":\"Ferien im denkmalgesch\u00fctzten, liebevoll restaurierten H\u00e4usle in der Fu\u00dfg\u00e4ngerzone der Altstadt von \u00dcberlingen\"},{\"@type\":\"BreadcrumbList\",\"@id\":\"http:\/\/www.altstadthaeusle.de\/wordpress\/#breadcrumb\",\"itemListElement\":[{\"@type\":\"ListItem\",\"position\":1,\"name\":\"Startseite\",\"item\":\"http:\/\/www.altstadthaeusle.de\/wordpress\/\"},{\"@type\":\"ListItem\",\"position\":2,\"name\":\"Das Altstadth\u00e4usle\"}]},{\"@type\":\"WebSite\",\"@id\":\"http:\/\/www.altstadthaeusle.de\/wordpress\/#website\",\"url\":\"http:\/\/www.altstadthaeusle.de\/wordpress\/\",\"name\":\"Altstadth\u00e4usle \u00dcberlingen\",\"description\":\"Ferienwohnung Altstadth\u00e4usle in \u00dcberlingen am Bodensee \",\"publisher\":{\"@id\":\"http:\/\/www.altstadthaeusle.de\/wordpress\/#organization\"},\"potentialAction\":[{\"@type\":\"SearchAction\",\"target\":{\"@type\":\"EntryPoint\",\"urlTemplate\":\"http:\/\/www.altstadthaeusle.de\/wordpress\/?s={search_term_string}\"},\"query-input\":{\"@type\":\"PropertyValueSpecification\",\"valueRequired\":true,\"valueName\":\"search_term_string\"}}],\"inLanguage\":\"de\"},{\"@type\":\"Organization\",\"@id\":\"http:\/\/www.altstadthaeusle.de\/wordpress\/#organization\",\"name\":\"Altstadth\u00e4usle \u00dcberlingen\",\"url\":\"http:\/\/www.altstadthaeusle.de\/wordpress\/\",\"logo\":{\"@type\":\"ImageObject\",\"inLanguage\":\"de\",\"@id\":\"http:\/\/www.altstadthaeusle.de\/wordpress\/#\/schema\/logo\/image\/\",\"url\":\"http:\/\/www.altstadthaeusle.de\/wordpress\/wp-content\/uploads\/2018\/10\/frosch-02-512.png\",\"contentUrl\":\"http:\/\/www.altstadthaeusle.de\/wordpress\/wp-content\/uploads\/2018\/10\/frosch-02-512.png\",\"width\":512,\"height\":512,\"caption\":\"Altstadth\u00e4usle \u00dcberlingen\"},\"image\":{\"@id\":\"http:\/\/www.altstadthaeusle.de\/wordpress\/#\/schema\/logo\/image\/\"},\"sameAs\":[\"https:\/\/www.facebook.com\/profile.php?id=100063706626687\"]}]}<\/script>\n<!-- \/ Yoast SEO plugin. -->","yoast_head_json":{"title":"Das Altstadth\u00e4usle - Altstadth\u00e4usle \u00dcberlingen","robots":{"index":"index","follow":"follow","max-snippet":"max-snippet:-1","max-image-preview":"max-image-preview:large","max-video-preview":"max-video-preview:-1"},"canonical":"http:\/\/www.altstadthaeusle.de\/wordpress\/","og_locale":"de_DE","og_type":"article","og_title":"Das Altstadth\u00e4usle - Altstadth\u00e4usle \u00dcberlingen","og_description":"Erleben Sie eine sch\u00f6ne Zeit am Bodensee in der bezaubernd eingerichteten und sehr gem\u00fctlichen Ferienwohnung Altstadth\u00e4usle.","og_url":"http:\/\/www.altstadthaeusle.de\/wordpress\/","og_site_name":"Altstadth\u00e4usle \u00dcberlingen","article_publisher":"https:\/\/www.facebook.com\/profile.php?id=100063706626687","article_modified_time":"2019-04-28T10:38:22+00:00","og_image":[{"url":"http:\/\/www.altstadthaeusle.de\/wordpress\/wp-content\/uploads\/2019\/04\/Startseite-3-1024x755.jpg"}],"twitter_card":"summary_large_image","schema":{"@context":"https:\/\/schema.org","@graph":[{"@type":"WebPage","@id":"http:\/\/www.altstadthaeusle.de\/wordpress\/","url":"http:\/\/www.altstadthaeusle.de\/wordpress\/","name":"Das Altstadth\u00e4usle - Altstadth\u00e4usle \u00dcberlingen","isPartOf":{"@id":"http:\/\/www.altstadthaeusle.de\/wordpress\/#website"},"primaryImageOfPage":{"@id":"http:\/\/www.altstadthaeusle.de\/wordpress\/#primaryimage"},"image":{"@id":"http:\/\/www.altstadthaeusle.de\/wordpress\/#primaryimage"},"thumbnailUrl":"http:\/\/www.altstadthaeusle.de\/wordpress\/wp-content\/uploads\/2019\/04\/Startseite-3-1024x755.jpg","datePublished":"2018-08-05T15:53:46+00:00","dateModified":"2019-04-28T10:38:22+00:00","breadcrumb":{"@id":"http:\/\/www.altstadthaeusle.de\/wordpress\/#breadcrumb"},"inLanguage":"de","potentialAction":[{"@type":"ReadAction","target":["http:\/\/www.altstadthaeusle.de\/wordpress\/"]}]},{"@type":"ImageObject","inLanguage":"de","@id":"http:\/\/www.altstadthaeusle.de\/wordpress\/#primaryimage","url":"http:\/\/www.altstadthaeusle.de\/wordpress\/wp-content\/uploads\/2019\/04\/Startseite-3.jpg","contentUrl":"http:\/\/www.altstadthaeusle.de\/wordpress\/wp-content\/uploads\/2019\/04\/Startseite-3.jpg","width":3525,"height":2600,"caption":"Ferien im denkmalgesch\u00fctzten, liebevoll restaurierten H\u00e4usle in der Fu\u00dfg\u00e4ngerzone der Altstadt von \u00dcberlingen"},{"@type":"BreadcrumbList","@id":"http:\/\/www.altstadthaeusle.de\/wordpress\/#breadcrumb","itemListElement":[{"@type":"ListItem","position":1,"name":"Startseite","item":"http:\/\/www.altstadthaeusle.de\/wordpress\/"},{"@type":"ListItem","position":2,"name":"Das Altstadth\u00e4usle"}]},{"@type":"WebSite","@id":"http:\/\/www.altstadthaeusle.de\/wordpress\/#website","url":"http:\/\/www.altstadthaeusle.de\/wordpress\/","name":"Altstadth\u00e4usle \u00dcberlingen","description":"Ferienwohnung Altstadth\u00e4usle in \u00dcberlingen am Bodensee ","publisher":{"@id":"http:\/\/www.altstadthaeusle.de\/wordpress\/#organization"},"potentialAction":[{"@type":"SearchAction","target":{"@type":"EntryPoint","urlTemplate":"http:\/\/www.altstadthaeusle.de\/wordpress\/?s={search_term_string}"},"query-input":{"@type":"PropertyValueSpecification","valueRequired":true,"valueName":"search_term_string"}}],"inLanguage":"de"},{"@type":"Organization","@id":"http:\/\/www.altstadthaeusle.de\/wordpress\/#organization","name":"Altstadth\u00e4usle \u00dcberlingen","url":"http:\/\/www.altstadthaeusle.de\/wordpress\/","logo":{"@type":"ImageObject","inLanguage":"de","@id":"http:\/\/www.altstadthaeusle.de\/wordpress\/#\/schema\/logo\/image\/","url":"http:\/\/www.altstadthaeusle.de\/wordpress\/wp-content\/uploads\/2018\/10\/frosch-02-512.png","contentUrl":"http:\/\/www.altstadthaeusle.de\/wordpress\/wp-content\/uploads\/2018\/10\/frosch-02-512.png","width":512,"height":512,"caption":"Altstadth\u00e4usle \u00dcberlingen"},"image":{"@id":"http:\/\/www.altstadthaeusle.de\/wordpress\/#\/schema\/logo\/image\/"},"sameAs":["https:\/\/www.facebook.com\/profile.php?id=100063706626687"]}]}},"_links":{"self":[{"href":"http:\/\/www.altstadthaeusle.de\/wordpress\/wp-json\/wp\/v2\/pages\/5","targetHints":{"allow":["GET"]}}],"collection":[{"href":"http:\/\/www.altstadthaeusle.de\/wordpress\/wp-json\/wp\/v2\/pages"}],"about":[{"href":"http:\/\/www.altstadthaeusle.de\/wordpress\/wp-json\/wp\/v2\/types\/page"}],"author":[{"embeddable":true,"href":"http:\/\/www.altstadthaeusle.de\/wordpress\/wp-json\/wp\/v2\/users\/1"}],"replies":[{"embeddable":true,"href":"http:\/\/www.altstadthaeusle.de\/wordpress\/wp-json\/wp\/v2\/comments?post=5"}],"version-history":[{"count":24,"href":"http:\/\/www.altstadthaeusle.de\/wordpress\/wp-json\/wp\/v2\/pages\/5\/revisions"}],"predecessor-version":[{"id":335,"href":"http:\/\/www.altstadthaeusle.de\/wordpress\/wp-json\/wp\/v2\/pages\/5\/revisions\/335"}],"wp:attachment":[{"href":"http:\/\/www.altstadthaeusle.de\/wordpress\/wp-json\/wp\/v2\/media?parent=5"}],"curies":[{"name":"wp","href":"https:\/\/api.w.org\/{rel}","templated":true}]}}