{"id":22,"date":"2018-08-05T18:05:19","date_gmt":"2018-08-05T16:05:19","guid":{"rendered":"http:\/\/www.altstadthaeusle.de\/wordpress\/?page_id=22"},"modified":"2019-02-15T05:35:19","modified_gmt":"2019-02-15T04:35:19","slug":"links","status":"publish","type":"page","link":"http:\/\/www.altstadthaeusle.de\/wordpress\/links\/","title":{"rendered":"Links"},"content":{"rendered":"<ul>\n<li style=\"list-style-type: none;\">\n<ul>\n<li><a href=\"http:\/\/www.altstadthaeusle.de\/impressum.php\">Impressum<\/a><\/li>\n<li><a href=\"http:\/\/www.ueberlingen-bodensee.de\/\" target=\"_blank\" rel=\"noopener\">ueberlingen-bodensee.de<\/a><\/li>\n<li><a href=\"http:\/\/www.ueberlingen.de\/,Lde\/startseite\/leben\/oepnv_+parken.html\" target=\"_blank\" rel=\"noopener\">Parken<\/a><\/li>\n<li><a href=\"http:\/\/www.wetter.com\/deutschland\/ueberlingen\/DE0009280.html\" target=\"_blank\" rel=\"noopener\">Wetter \u00dcberlingen<\/a><\/li>\n<li><a href=\"http:\/\/www.zvbwv.de\/\" target=\"_blank\" rel=\"noopener\">Bodensee-Wasserversorgung<\/a><\/li>\n<li><a href=\"http:\/\/www.bsb-online.com\" target=\"_blank\" rel=\"noopener\">F\u00e4hren: BSB<\/a><\/li>\n<li><a href=\"http:\/\/www.ferienwohnungen-bodensee.de\/\" target=\"_blank\" rel=\"noopener\">ferienwohnungen-bodensee.de<\/a><\/li>\n<li><a href=\"http:\/\/www.bodenseeferien.de\/\" target=\"_blank\" rel=\"noopener\">bodenseeferien.de<\/a><\/li>\n<li><a href=\"http:\/\/noltes.biz\/\" target=\"_blank\" rel=\"noopener\">Theater NOLTES<\/a><\/li>\n<li><a href=\"http:\/\/www.affenberg-salem.de\/\" target=\"_blank\" rel=\"noopener\">Affenberg Salem<\/a><\/li>\n<li><a href=\"https:\/\/www.facebook.com\/pages\/Altstadth%C3%A4usle-%C3%9Cberlingen\/427194777444468?fref=ts\" target=\"_blank\" rel=\"noopener\">Altstadth\u00e4usle auf facebook<\/a><\/li>\n<li><a href=\"http:\/\/www.bodenseewebcam.de\/\" target=\"_blank\" rel=\"noopener\">bodenseewebcam.de<\/a><\/li>\n<li><a href=\"http:\/\/www.ueberlingen-bodensee.de\/Veranstaltungen\" target=\"_blank\" rel=\"noopener\">Veranstaltungen<\/a><\/li>\n<\/ul>\n<\/li>\n<\/ul>\n","protected":false},"excerpt":{"rendered":"<p>Impressum ueberlingen-bodensee.de Parken Wetter \u00dcberlingen Bodensee-Wasserversorgung F\u00e4hren: BSB ferienwohnungen-bodensee.de bodenseeferien.de Theater NOLTES Affenberg Salem Altstadth\u00e4usle auf facebook bodenseewebcam.de Veranstaltungen<\/p>\n","protected":false},"author":1,"featured_media":0,"parent":0,"menu_order":0,"comment_status":"closed","ping_status":"closed","template":"","meta":{"ngg_post_thumbnail":0,"footnotes":""},"class_list":["post-22","page","type-page","status-publish","hentry"],"yoast_head":"<!-- This site is optimized with the Yoast SEO plugin v23.9 - https:\/\/yoast.com\/wordpress\/plugins\/seo\/ -->\n<title>Links - Altstadth\u00e4usle \u00dcberlingen<\/title>\n<meta name=\"robots\" content=\"index, follow, max-snippet:-1, max-image-preview:large, max-video-preview:-1\" \/>\n<link rel=\"canonical\" href=\"http:\/\/www.altstadthaeusle.de\/wordpress\/links\/\" \/>\n<meta property=\"og:locale\" content=\"de_DE\" \/>\n<meta property=\"og:type\" content=\"article\" \/>\n<meta property=\"og:title\" content=\"Links - Altstadth\u00e4usle \u00dcberlingen\" \/>\n<meta property=\"og:description\" content=\"Impressum ueberlingen-bodensee.de Parken Wetter \u00dcberlingen Bodensee-Wasserversorgung F\u00e4hren: BSB ferienwohnungen-bodensee.de bodenseeferien.de Theater NOLTES Affenberg Salem Altstadth\u00e4usle auf facebook bodenseewebcam.de Veranstaltungen\" \/>\n<meta property=\"og:url\" content=\"http:\/\/www.altstadthaeusle.de\/wordpress\/links\/\" \/>\n<meta property=\"og:site_name\" content=\"Altstadth\u00e4usle \u00dcberlingen\" \/>\n<meta property=\"article:publisher\" content=\"https:\/\/www.facebook.com\/profile.php?id=100063706626687\" \/>\n<meta property=\"article:modified_time\" content=\"2019-02-15T04:35:19+00:00\" \/>\n<meta name=\"twitter:card\" content=\"summary_large_image\" \/>\n<script type=\"application\/ld+json\" class=\"yoast-schema-graph\">{\"@context\":\"https:\/\/schema.org\",\"@graph\":[{\"@type\":\"WebPage\",\"@id\":\"http:\/\/www.altstadthaeusle.de\/wordpress\/links\/\",\"url\":\"http:\/\/www.altstadthaeusle.de\/wordpress\/links\/\",\"name\":\"Links - Altstadth\u00e4usle \u00dcberlingen\",\"isPartOf\":{\"@id\":\"http:\/\/www.altstadthaeusle.de\/wordpress\/#website\"},\"datePublished\":\"2018-08-05T16:05:19+00:00\",\"dateModified\":\"2019-02-15T04:35:19+00:00\",\"breadcrumb\":{\"@id\":\"http:\/\/www.altstadthaeusle.de\/wordpress\/links\/#breadcrumb\"},\"inLanguage\":\"de\",\"potentialAction\":[{\"@type\":\"ReadAction\",\"target\":[\"http:\/\/www.altstadthaeusle.de\/wordpress\/links\/\"]}]},{\"@type\":\"BreadcrumbList\",\"@id\":\"http:\/\/www.altstadthaeusle.de\/wordpress\/links\/#breadcrumb\",\"itemListElement\":[{\"@type\":\"ListItem\",\"position\":1,\"name\":\"Startseite\",\"item\":\"http:\/\/www.altstadthaeusle.de\/wordpress\/\"},{\"@type\":\"ListItem\",\"position\":2,\"name\":\"Links\"}]},{\"@type\":\"WebSite\",\"@id\":\"http:\/\/www.altstadthaeusle.de\/wordpress\/#website\",\"url\":\"http:\/\/www.altstadthaeusle.de\/wordpress\/\",\"name\":\"Altstadth\u00e4usle \u00dcberlingen\",\"description\":\"Ferienwohnung Altstadth\u00e4usle in \u00dcberlingen am Bodensee \",\"publisher\":{\"@id\":\"http:\/\/www.altstadthaeusle.de\/wordpress\/#organization\"},\"potentialAction\":[{\"@type\":\"SearchAction\",\"target\":{\"@type\":\"EntryPoint\",\"urlTemplate\":\"http:\/\/www.altstadthaeusle.de\/wordpress\/?s={search_term_string}\"},\"query-input\":{\"@type\":\"PropertyValueSpecification\",\"valueRequired\":true,\"valueName\":\"search_term_string\"}}],\"inLanguage\":\"de\"},{\"@type\":\"Organization\",\"@id\":\"http:\/\/www.altstadthaeusle.de\/wordpress\/#organization\",\"name\":\"Altstadth\u00e4usle \u00dcberlingen\",\"url\":\"http:\/\/www.altstadthaeusle.de\/wordpress\/\",\"logo\":{\"@type\":\"ImageObject\",\"inLanguage\":\"de\",\"@id\":\"http:\/\/www.altstadthaeusle.de\/wordpress\/#\/schema\/logo\/image\/\",\"url\":\"http:\/\/www.altstadthaeusle.de\/wordpress\/wp-content\/uploads\/2018\/10\/frosch-02-512.png\",\"contentUrl\":\"http:\/\/www.altstadthaeusle.de\/wordpress\/wp-content\/uploads\/2018\/10\/frosch-02-512.png\",\"width\":512,\"height\":512,\"caption\":\"Altstadth\u00e4usle \u00dcberlingen\"},\"image\":{\"@id\":\"http:\/\/www.altstadthaeusle.de\/wordpress\/#\/schema\/logo\/image\/\"},\"sameAs\":[\"https:\/\/www.facebook.com\/profile.php?id=100063706626687\"]}]}<\/script>\n<!-- \/ Yoast SEO plugin. -->","yoast_head_json":{"title":"Links - Altstadth\u00e4usle \u00dcberlingen","robots":{"index":"index","follow":"follow","max-snippet":"max-snippet:-1","max-image-preview":"max-image-preview:large","max-video-preview":"max-video-preview:-1"},"canonical":"http:\/\/www.altstadthaeusle.de\/wordpress\/links\/","og_locale":"de_DE","og_type":"article","og_title":"Links - Altstadth\u00e4usle \u00dcberlingen","og_description":"Impressum ueberlingen-bodensee.de Parken Wetter \u00dcberlingen Bodensee-Wasserversorgung F\u00e4hren: BSB ferienwohnungen-bodensee.de bodenseeferien.de Theater NOLTES Affenberg Salem Altstadth\u00e4usle auf facebook bodenseewebcam.de Veranstaltungen","og_url":"http:\/\/www.altstadthaeusle.de\/wordpress\/links\/","og_site_name":"Altstadth\u00e4usle \u00dcberlingen","article_publisher":"https:\/\/www.facebook.com\/profile.php?id=100063706626687","article_modified_time":"2019-02-15T04:35:19+00:00","twitter_card":"summary_large_image","schema":{"@context":"https:\/\/schema.org","@graph":[{"@type":"WebPage","@id":"http:\/\/www.altstadthaeusle.de\/wordpress\/links\/","url":"http:\/\/www.altstadthaeusle.de\/wordpress\/links\/","name":"Links - Altstadth\u00e4usle \u00dcberlingen","isPartOf":{"@id":"http:\/\/www.altstadthaeusle.de\/wordpress\/#website"},"datePublished":"2018-08-05T16:05:19+00:00","dateModified":"2019-02-15T04:35:19+00:00","breadcrumb":{"@id":"http:\/\/www.altstadthaeusle.de\/wordpress\/links\/#breadcrumb"},"inLanguage":"de","potentialAction":[{"@type":"ReadAction","target":["http:\/\/www.altstadthaeusle.de\/wordpress\/links\/"]}]},{"@type":"BreadcrumbList","@id":"http:\/\/www.altstadthaeusle.de\/wordpress\/links\/#breadcrumb","itemListElement":[{"@type":"ListItem","position":1,"name":"Startseite","item":"http:\/\/www.altstadthaeusle.de\/wordpress\/"},{"@type":"ListItem","position":2,"name":"Links"}]},{"@type":"WebSite","@id":"http:\/\/www.altstadthaeusle.de\/wordpress\/#website","url":"http:\/\/www.altstadthaeusle.de\/wordpress\/","name":"Altstadth\u00e4usle \u00dcberlingen","description":"Ferienwohnung Altstadth\u00e4usle in \u00dcberlingen am Bodensee ","publisher":{"@id":"http:\/\/www.altstadthaeusle.de\/wordpress\/#organization"},"potentialAction":[{"@type":"SearchAction","target":{"@type":"EntryPoint","urlTemplate":"http:\/\/www.altstadthaeusle.de\/wordpress\/?s={search_term_string}"},"query-input":{"@type":"PropertyValueSpecification","valueRequired":true,"valueName":"search_term_string"}}],"inLanguage":"de"},{"@type":"Organization","@id":"http:\/\/www.altstadthaeusle.de\/wordpress\/#organization","name":"Altstadth\u00e4usle \u00dcberlingen","url":"http:\/\/www.altstadthaeusle.de\/wordpress\/","logo":{"@type":"ImageObject","inLanguage":"de","@id":"http:\/\/www.altstadthaeusle.de\/wordpress\/#\/schema\/logo\/image\/","url":"http:\/\/www.altstadthaeusle.de\/wordpress\/wp-content\/uploads\/2018\/10\/frosch-02-512.png","contentUrl":"http:\/\/www.altstadthaeusle.de\/wordpress\/wp-content\/uploads\/2018\/10\/frosch-02-512.png","width":512,"height":512,"caption":"Altstadth\u00e4usle \u00dcberlingen"},"image":{"@id":"http:\/\/www.altstadthaeusle.de\/wordpress\/#\/schema\/logo\/image\/"},"sameAs":["https:\/\/www.facebook.com\/profile.php?id=100063706626687"]}]}},"_links":{"self":[{"href":"http:\/\/www.altstadthaeusle.de\/wordpress\/wp-json\/wp\/v2\/pages\/22","targetHints":{"allow":["GET"]}}],"collection":[{"href":"http:\/\/www.altstadthaeusle.de\/wordpress\/wp-json\/wp\/v2\/pages"}],"about":[{"href":"http:\/\/www.altstadthaeusle.de\/wordpress\/wp-json\/wp\/v2\/types\/page"}],"author":[{"embeddable":true,"href":"http:\/\/www.altstadthaeusle.de\/wordpress\/wp-json\/wp\/v2\/users\/1"}],"replies":[{"embeddable":true,"href":"http:\/\/www.altstadthaeusle.de\/wordpress\/wp-json\/wp\/v2\/comments?post=22"}],"version-history":[{"count":4,"href":"http:\/\/www.altstadthaeusle.de\/wordpress\/wp-json\/wp\/v2\/pages\/22\/revisions"}],"predecessor-version":[{"id":174,"href":"http:\/\/www.altstadthaeusle.de\/wordpress\/wp-json\/wp\/v2\/pages\/22\/revisions\/174"}],"wp:attachment":[{"href":"http:\/\/www.altstadthaeusle.de\/wordpress\/wp-json\/wp\/v2\/media?parent=22"}],"curies":[{"name":"wp","href":"https:\/\/api.w.org\/{rel}","templated":true}]}}