{"id":2,"date":"2018-08-05T17:51:57","date_gmt":"2018-08-05T15:51:57","guid":{"rendered":"http:\/\/www.altstadthaeusle.de\/wordpress\/?page_id=2"},"modified":"2022-10-21T12:23:22","modified_gmt":"2022-10-21T10:23:22","slug":"beispiel-seite","status":"publish","type":"page","link":"http:\/\/www.altstadthaeusle.de\/wordpress\/beispiel-seite\/","title":{"rendered":"Die Ferienwohnung"},"content":{"rendered":"<p>Die sch\u00f6n eingerichtete Wohnung verteilt sich auf zwei Stockwerke und verf\u00fcgt \u00fcber zwei Schlafzimmer, gro\u00dfes Wohn-\/Esszimmer, komplett eingerichtete K\u00fcche sowie Bad\/Dusche und separates WC.<br>Es ist eine <strong>Nichtraucherwohnung<\/strong> &#8211; im Innenhof kann jedoch geraucht werden.<br>Zur Promenade sind es 100 m und zur Schiffsanlegestelle 150 m.<br>Ein elektrischer Grill f\u00fcr die Terrasse sowie B\u00fcgelbrett und B\u00fcgeleisen sind vorhanden.<br>WLAN gibt es im ganzen Haus. Haustiere sind leider nicht gestattet.<\/p>\n\n\n<h2 class=\"wp-block-heading\">K\u00fcche<\/h2>\n\n\n<div class=\"wp-block-image\">\n<figure class=\"aligncenter\"><img loading=\"lazy\" decoding=\"async\" width=\"1024\" height=\"711\" src=\"http:\/\/www.altstadthaeusle.de\/wordpress\/wp-content\/uploads\/2018\/08\/ash8_1200-1024x711.jpg\" alt=\"K\u00fcche\" class=\"wp-image-36\" srcset=\"http:\/\/www.altstadthaeusle.de\/wordpress\/wp-content\/uploads\/2018\/08\/ash8_1200-1024x711.jpg 1024w, http:\/\/www.altstadthaeusle.de\/wordpress\/wp-content\/uploads\/2018\/08\/ash8_1200-300x208.jpg 300w, http:\/\/www.altstadthaeusle.de\/wordpress\/wp-content\/uploads\/2018\/08\/ash8_1200-768x533.jpg 768w, http:\/\/www.altstadthaeusle.de\/wordpress\/wp-content\/uploads\/2018\/08\/ash8_1200.jpg 1200w\" sizes=\"auto, (max-width: 1024px) 100vw, 1024px\" \/><\/figure><\/div>\n\n\n<ul class=\"wp-block-list\"><li>Herd, Backofen<\/li><li>Geschirr und Besteck<\/li><li>Sp\u00fcle<\/li><li>K\u00fchlschrank<\/li><li>Mikrowelle<\/li><li>Kaffeemaschine<\/li><li>Wasserkocher<\/li><li>Eierkocher<\/li><li>Abstellkammer mit Putzzeug <\/li><\/ul>\n\n\n\n<h2 class=\"wp-block-heading\"> Esszimmer <\/h2>\n\n\n\n<figure class=\"wp-block-image\"><img loading=\"lazy\" decoding=\"async\" width=\"1024\" height=\"732\" src=\"http:\/\/www.altstadthaeusle.de\/wordpress\/wp-content\/uploads\/2018\/08\/ash1_1200-1-1024x732.jpg\" alt=\"\" class=\"wp-image-43\" srcset=\"http:\/\/www.altstadthaeusle.de\/wordpress\/wp-content\/uploads\/2018\/08\/ash1_1200-1-1024x732.jpg 1024w, http:\/\/www.altstadthaeusle.de\/wordpress\/wp-content\/uploads\/2018\/08\/ash1_1200-1-300x215.jpg 300w, http:\/\/www.altstadthaeusle.de\/wordpress\/wp-content\/uploads\/2018\/08\/ash1_1200-1-768x549.jpg 768w, http:\/\/www.altstadthaeusle.de\/wordpress\/wp-content\/uploads\/2018\/08\/ash1_1200-1.jpg 1200w\" sizes=\"auto, (max-width: 1024px) 100vw, 1024px\" \/><\/figure>\n\n\n\n<ul class=\"wp-block-list\"><li>Esstisch<\/li><li>St\u00fchle<\/li><li>Bank<\/li><li>G\u00e4stebuch <\/li><\/ul>\n\n\n\n<h2 class=\"wp-block-heading\"> Wohnzimmer <\/h2>\n\n\n\n<figure class=\"wp-block-image\"><img loading=\"lazy\" decoding=\"async\" width=\"1024\" height=\"683\" src=\"http:\/\/www.altstadthaeusle.de\/wordpress\/wp-content\/uploads\/2018\/08\/ash2_1200-1-1024x683.jpg\" alt=\"\" class=\"wp-image-44\" srcset=\"http:\/\/www.altstadthaeusle.de\/wordpress\/wp-content\/uploads\/2018\/08\/ash2_1200-1-1024x683.jpg 1024w, http:\/\/www.altstadthaeusle.de\/wordpress\/wp-content\/uploads\/2018\/08\/ash2_1200-1-300x200.jpg 300w, http:\/\/www.altstadthaeusle.de\/wordpress\/wp-content\/uploads\/2018\/08\/ash2_1200-1-768x512.jpg 768w, http:\/\/www.altstadthaeusle.de\/wordpress\/wp-content\/uploads\/2018\/08\/ash2_1200-1.jpg 1200w\" sizes=\"auto, (max-width: 1024px) 100vw, 1024px\" \/><\/figure>\n\n\n\n<ul class=\"wp-block-list\"><li>Sofa<\/li><li>Liegesessel<\/li><li>Sessel<\/li><li>TV-Ger\u00e4t mit USB-Anschluss f\u00fcr externe Ger\u00e4te <\/li><\/ul>\n\n\n\n<h2 class=\"wp-block-heading\">2x Schlafzimmer<\/h2>\n\n\n\n<figure class=\"wp-block-image\"><img loading=\"lazy\" decoding=\"async\" width=\"1024\" height=\"744\" src=\"http:\/\/www.altstadthaeusle.de\/wordpress\/wp-content\/uploads\/2018\/08\/ash6_1200-1-1024x744.jpg\" alt=\"\" class=\"wp-image-48\" srcset=\"http:\/\/www.altstadthaeusle.de\/wordpress\/wp-content\/uploads\/2018\/08\/ash6_1200-1-1024x744.jpg 1024w, http:\/\/www.altstadthaeusle.de\/wordpress\/wp-content\/uploads\/2018\/08\/ash6_1200-1-300x218.jpg 300w, http:\/\/www.altstadthaeusle.de\/wordpress\/wp-content\/uploads\/2018\/08\/ash6_1200-1-768x558.jpg 768w, http:\/\/www.altstadthaeusle.de\/wordpress\/wp-content\/uploads\/2018\/08\/ash6_1200-1.jpg 1200w\" sizes=\"auto, (max-width: 1024px) 100vw, 1024px\" \/><\/figure>\n\n\n\n<figure class=\"wp-block-image\"><img loading=\"lazy\" decoding=\"async\" width=\"1024\" height=\"683\" src=\"http:\/\/www.altstadthaeusle.de\/wordpress\/wp-content\/uploads\/2018\/08\/ash7_1200-1-1024x683.jpg\" alt=\"\" class=\"wp-image-39\" srcset=\"http:\/\/www.altstadthaeusle.de\/wordpress\/wp-content\/uploads\/2018\/08\/ash7_1200-1-1024x683.jpg 1024w, http:\/\/www.altstadthaeusle.de\/wordpress\/wp-content\/uploads\/2018\/08\/ash7_1200-1-300x200.jpg 300w, http:\/\/www.altstadthaeusle.de\/wordpress\/wp-content\/uploads\/2018\/08\/ash7_1200-1-768x512.jpg 768w, http:\/\/www.altstadthaeusle.de\/wordpress\/wp-content\/uploads\/2018\/08\/ash7_1200-1.jpg 1200w\" sizes=\"auto, (max-width: 1024px) 100vw, 1024px\" \/><\/figure>\n\n\n\n<ul class=\"wp-block-list\"><li> Allergikerbettw\u00e4sche<\/li><li>Doppelbett 200&#215;90 pro Zimmer<\/li><li>Kleiderschrank<\/li><li>Nachttisch mit Lampe und Wecker<\/li><li>Fensterl\u00e4den<\/li><li>Gardinen <\/li><\/ul>\n\n\n\n<h2 class=\"wp-block-heading\"> Bad\/WC <\/h2>\n\n\n\n<figure class=\"wp-block-image\"><img loading=\"lazy\" decoding=\"async\" width=\"567\" height=\"900\" src=\"http:\/\/www.altstadthaeusle.de\/wordpress\/wp-content\/uploads\/2018\/08\/ash9_1200-1.jpg\" alt=\"\" class=\"wp-image-41\" srcset=\"http:\/\/www.altstadthaeusle.de\/wordpress\/wp-content\/uploads\/2018\/08\/ash9_1200-1.jpg 567w, http:\/\/www.altstadthaeusle.de\/wordpress\/wp-content\/uploads\/2018\/08\/ash9_1200-1-189x300.jpg 189w\" sizes=\"auto, (max-width: 567px) 100vw, 567px\" \/><\/figure>\n\n\n\n<ul class=\"wp-block-list\"><li> 1 Waschbecken<\/li><li>1 Spiegel<\/li><li>1 Dusche<\/li><li>1 Badewanne<\/li><li>Handt\u00fccher<\/li><li>1 WC (separat) <a rel=\"noreferrer noopener\" href=\"bilder\/wc-plumpsklo-look.jpg\" target=\"_blank\">&#8222;Plumpsklo-look&#8220;<\/a> <\/li><\/ul>\n\n\n\n<h2 class=\"wp-block-heading\"> Terrasse <\/h2>\n\n\n\n<figure class=\"wp-block-image\"><img loading=\"lazy\" decoding=\"async\" width=\"630\" height=\"1024\" src=\"http:\/\/www.altstadthaeusle.de\/wordpress\/wp-content\/uploads\/2019\/04\/haus_640_1-630x1024.jpg\" alt=\"\" class=\"wp-image-195\" srcset=\"http:\/\/www.altstadthaeusle.de\/wordpress\/wp-content\/uploads\/2019\/04\/haus_640_1-630x1024.jpg 630w, http:\/\/www.altstadthaeusle.de\/wordpress\/wp-content\/uploads\/2019\/04\/haus_640_1-185x300.jpg 185w, http:\/\/www.altstadthaeusle.de\/wordpress\/wp-content\/uploads\/2019\/04\/haus_640_1.jpg 640w\" sizes=\"auto, (max-width: 630px) 100vw, 630px\" \/><\/figure>\n\n\n\n<ul class=\"wp-block-list\"><li>Tisch<\/li><li>2 Sitzb\u00e4nke<\/li><li>Elektrogrill<\/li><\/ul>\n\n\n\n<h2 class=\"wp-block-heading\"> Sonderausstattung <\/h2>\n\n\n\n<ul class=\"wp-block-list\"><li>B\u00fcgelbrett<\/li><li>B\u00fcgeleisen<\/li><li>Elektrogrill<\/li><li>Stehtische<\/li><li>Rauchmelder<\/li><li>WLAN <\/li><\/ul>\n","protected":false},"excerpt":{"rendered":"<p>Die sch\u00f6n eingerichtete Wohnung verteilt sich auf zwei Stockwerke und verf\u00fcgt \u00fcber zwei Schlafzimmer, gro\u00dfes Wohn-\/Esszimmer, komplett eingerichtete K\u00fcche sowie Bad\/Dusche und separates WC.Es ist eine Nichtraucherwohnung &#8211; im Innenhof kann jedoch geraucht werden.Zur Promenade sind es 100 m und <a href=\"http:\/\/www.altstadthaeusle.de\/wordpress\/beispiel-seite\/\" class=\"read-more\">Weiterlesen<\/a><\/p>\n","protected":false},"author":1,"featured_media":0,"parent":0,"menu_order":0,"comment_status":"closed","ping_status":"open","template":"","meta":{"ngg_post_thumbnail":0,"footnotes":""},"class_list":["post-2","page","type-page","status-publish","hentry"],"yoast_head":"<!-- This site is optimized with the Yoast SEO plugin v23.9 - https:\/\/yoast.com\/wordpress\/plugins\/seo\/ -->\n<title>Die Ferienwohnung - Altstadth\u00e4usle \u00dcberlingen<\/title>\n<meta name=\"robots\" content=\"index, follow, max-snippet:-1, max-image-preview:large, max-video-preview:-1\" \/>\n<link rel=\"canonical\" href=\"http:\/\/www.altstadthaeusle.de\/wordpress\/beispiel-seite\/\" \/>\n<meta property=\"og:locale\" content=\"de_DE\" \/>\n<meta property=\"og:type\" content=\"article\" \/>\n<meta property=\"og:title\" content=\"Die Ferienwohnung - Altstadth\u00e4usle \u00dcberlingen\" \/>\n<meta property=\"og:description\" content=\"Die sch\u00f6n eingerichtete Wohnung verteilt sich auf zwei Stockwerke und verf\u00fcgt \u00fcber zwei Schlafzimmer, gro\u00dfes Wohn-\/Esszimmer, komplett eingerichtete K\u00fcche sowie Bad\/Dusche und separates WC.Es ist eine Nichtraucherwohnung &#8211; im Innenhof kann jedoch geraucht werden.Zur Promenade sind es 100 m und Weiterlesen\" \/>\n<meta property=\"og:url\" content=\"http:\/\/www.altstadthaeusle.de\/wordpress\/beispiel-seite\/\" \/>\n<meta property=\"og:site_name\" content=\"Altstadth\u00e4usle \u00dcberlingen\" \/>\n<meta property=\"article:publisher\" content=\"https:\/\/www.facebook.com\/profile.php?id=100063706626687\" \/>\n<meta property=\"article:modified_time\" content=\"2022-10-21T10:23:22+00:00\" \/>\n<meta property=\"og:image\" content=\"http:\/\/www.altstadthaeusle.de\/wordpress\/wp-content\/uploads\/2018\/08\/ash8_1200-1024x711.jpg\" \/>\n<meta name=\"twitter:card\" content=\"summary_large_image\" \/>\n<meta name=\"twitter:label1\" content=\"Gesch\u00e4tzte Lesezeit\" \/>\n\t<meta name=\"twitter:data1\" content=\"1\u00a0Minute\" \/>\n<script type=\"application\/ld+json\" class=\"yoast-schema-graph\">{\"@context\":\"https:\/\/schema.org\",\"@graph\":[{\"@type\":\"WebPage\",\"@id\":\"http:\/\/www.altstadthaeusle.de\/wordpress\/beispiel-seite\/\",\"url\":\"http:\/\/www.altstadthaeusle.de\/wordpress\/beispiel-seite\/\",\"name\":\"Die Ferienwohnung - Altstadth\u00e4usle \u00dcberlingen\",\"isPartOf\":{\"@id\":\"http:\/\/www.altstadthaeusle.de\/wordpress\/#website\"},\"primaryImageOfPage\":{\"@id\":\"http:\/\/www.altstadthaeusle.de\/wordpress\/beispiel-seite\/#primaryimage\"},\"image\":{\"@id\":\"http:\/\/www.altstadthaeusle.de\/wordpress\/beispiel-seite\/#primaryimage\"},\"thumbnailUrl\":\"http:\/\/www.altstadthaeusle.de\/wordpress\/wp-content\/uploads\/2018\/08\/ash8_1200-1024x711.jpg\",\"datePublished\":\"2018-08-05T15:51:57+00:00\",\"dateModified\":\"2022-10-21T10:23:22+00:00\",\"breadcrumb\":{\"@id\":\"http:\/\/www.altstadthaeusle.de\/wordpress\/beispiel-seite\/#breadcrumb\"},\"inLanguage\":\"de\",\"potentialAction\":[{\"@type\":\"ReadAction\",\"target\":[\"http:\/\/www.altstadthaeusle.de\/wordpress\/beispiel-seite\/\"]}]},{\"@type\":\"ImageObject\",\"inLanguage\":\"de\",\"@id\":\"http:\/\/www.altstadthaeusle.de\/wordpress\/beispiel-seite\/#primaryimage\",\"url\":\"http:\/\/www.altstadthaeusle.de\/wordpress\/wp-content\/uploads\/2018\/08\/ash8_1200.jpg\",\"contentUrl\":\"http:\/\/www.altstadthaeusle.de\/wordpress\/wp-content\/uploads\/2018\/08\/ash8_1200.jpg\",\"width\":1200,\"height\":833,\"caption\":\"K\u00fcche\"},{\"@type\":\"BreadcrumbList\",\"@id\":\"http:\/\/www.altstadthaeusle.de\/wordpress\/beispiel-seite\/#breadcrumb\",\"itemListElement\":[{\"@type\":\"ListItem\",\"position\":1,\"name\":\"Startseite\",\"item\":\"http:\/\/www.altstadthaeusle.de\/wordpress\/\"},{\"@type\":\"ListItem\",\"position\":2,\"name\":\"Die Ferienwohnung\"}]},{\"@type\":\"WebSite\",\"@id\":\"http:\/\/www.altstadthaeusle.de\/wordpress\/#website\",\"url\":\"http:\/\/www.altstadthaeusle.de\/wordpress\/\",\"name\":\"Altstadth\u00e4usle \u00dcberlingen\",\"description\":\"Ferienwohnung Altstadth\u00e4usle in \u00dcberlingen am Bodensee \",\"publisher\":{\"@id\":\"http:\/\/www.altstadthaeusle.de\/wordpress\/#organization\"},\"potentialAction\":[{\"@type\":\"SearchAction\",\"target\":{\"@type\":\"EntryPoint\",\"urlTemplate\":\"http:\/\/www.altstadthaeusle.de\/wordpress\/?s={search_term_string}\"},\"query-input\":{\"@type\":\"PropertyValueSpecification\",\"valueRequired\":true,\"valueName\":\"search_term_string\"}}],\"inLanguage\":\"de\"},{\"@type\":\"Organization\",\"@id\":\"http:\/\/www.altstadthaeusle.de\/wordpress\/#organization\",\"name\":\"Altstadth\u00e4usle \u00dcberlingen\",\"url\":\"http:\/\/www.altstadthaeusle.de\/wordpress\/\",\"logo\":{\"@type\":\"ImageObject\",\"inLanguage\":\"de\",\"@id\":\"http:\/\/www.altstadthaeusle.de\/wordpress\/#\/schema\/logo\/image\/\",\"url\":\"http:\/\/www.altstadthaeusle.de\/wordpress\/wp-content\/uploads\/2018\/10\/frosch-02-512.png\",\"contentUrl\":\"http:\/\/www.altstadthaeusle.de\/wordpress\/wp-content\/uploads\/2018\/10\/frosch-02-512.png\",\"width\":512,\"height\":512,\"caption\":\"Altstadth\u00e4usle \u00dcberlingen\"},\"image\":{\"@id\":\"http:\/\/www.altstadthaeusle.de\/wordpress\/#\/schema\/logo\/image\/\"},\"sameAs\":[\"https:\/\/www.facebook.com\/profile.php?id=100063706626687\"]}]}<\/script>\n<!-- \/ Yoast SEO plugin. -->","yoast_head_json":{"title":"Die Ferienwohnung - Altstadth\u00e4usle \u00dcberlingen","robots":{"index":"index","follow":"follow","max-snippet":"max-snippet:-1","max-image-preview":"max-image-preview:large","max-video-preview":"max-video-preview:-1"},"canonical":"http:\/\/www.altstadthaeusle.de\/wordpress\/beispiel-seite\/","og_locale":"de_DE","og_type":"article","og_title":"Die Ferienwohnung - Altstadth\u00e4usle \u00dcberlingen","og_description":"Die sch\u00f6n eingerichtete Wohnung verteilt sich auf zwei Stockwerke und verf\u00fcgt \u00fcber zwei Schlafzimmer, gro\u00dfes Wohn-\/Esszimmer, komplett eingerichtete K\u00fcche sowie Bad\/Dusche und separates WC.Es ist eine Nichtraucherwohnung &#8211; im Innenhof kann jedoch geraucht werden.Zur Promenade sind es 100 m und Weiterlesen","og_url":"http:\/\/www.altstadthaeusle.de\/wordpress\/beispiel-seite\/","og_site_name":"Altstadth\u00e4usle \u00dcberlingen","article_publisher":"https:\/\/www.facebook.com\/profile.php?id=100063706626687","article_modified_time":"2022-10-21T10:23:22+00:00","og_image":[{"url":"http:\/\/www.altstadthaeusle.de\/wordpress\/wp-content\/uploads\/2018\/08\/ash8_1200-1024x711.jpg"}],"twitter_card":"summary_large_image","twitter_misc":{"Gesch\u00e4tzte Lesezeit":"1\u00a0Minute"},"schema":{"@context":"https:\/\/schema.org","@graph":[{"@type":"WebPage","@id":"http:\/\/www.altstadthaeusle.de\/wordpress\/beispiel-seite\/","url":"http:\/\/www.altstadthaeusle.de\/wordpress\/beispiel-seite\/","name":"Die Ferienwohnung - Altstadth\u00e4usle \u00dcberlingen","isPartOf":{"@id":"http:\/\/www.altstadthaeusle.de\/wordpress\/#website"},"primaryImageOfPage":{"@id":"http:\/\/www.altstadthaeusle.de\/wordpress\/beispiel-seite\/#primaryimage"},"image":{"@id":"http:\/\/www.altstadthaeusle.de\/wordpress\/beispiel-seite\/#primaryimage"},"thumbnailUrl":"http:\/\/www.altstadthaeusle.de\/wordpress\/wp-content\/uploads\/2018\/08\/ash8_1200-1024x711.jpg","datePublished":"2018-08-05T15:51:57+00:00","dateModified":"2022-10-21T10:23:22+00:00","breadcrumb":{"@id":"http:\/\/www.altstadthaeusle.de\/wordpress\/beispiel-seite\/#breadcrumb"},"inLanguage":"de","potentialAction":[{"@type":"ReadAction","target":["http:\/\/www.altstadthaeusle.de\/wordpress\/beispiel-seite\/"]}]},{"@type":"ImageObject","inLanguage":"de","@id":"http:\/\/www.altstadthaeusle.de\/wordpress\/beispiel-seite\/#primaryimage","url":"http:\/\/www.altstadthaeusle.de\/wordpress\/wp-content\/uploads\/2018\/08\/ash8_1200.jpg","contentUrl":"http:\/\/www.altstadthaeusle.de\/wordpress\/wp-content\/uploads\/2018\/08\/ash8_1200.jpg","width":1200,"height":833,"caption":"K\u00fcche"},{"@type":"BreadcrumbList","@id":"http:\/\/www.altstadthaeusle.de\/wordpress\/beispiel-seite\/#breadcrumb","itemListElement":[{"@type":"ListItem","position":1,"name":"Startseite","item":"http:\/\/www.altstadthaeusle.de\/wordpress\/"},{"@type":"ListItem","position":2,"name":"Die Ferienwohnung"}]},{"@type":"WebSite","@id":"http:\/\/www.altstadthaeusle.de\/wordpress\/#website","url":"http:\/\/www.altstadthaeusle.de\/wordpress\/","name":"Altstadth\u00e4usle \u00dcberlingen","description":"Ferienwohnung Altstadth\u00e4usle in \u00dcberlingen am Bodensee ","publisher":{"@id":"http:\/\/www.altstadthaeusle.de\/wordpress\/#organization"},"potentialAction":[{"@type":"SearchAction","target":{"@type":"EntryPoint","urlTemplate":"http:\/\/www.altstadthaeusle.de\/wordpress\/?s={search_term_string}"},"query-input":{"@type":"PropertyValueSpecification","valueRequired":true,"valueName":"search_term_string"}}],"inLanguage":"de"},{"@type":"Organization","@id":"http:\/\/www.altstadthaeusle.de\/wordpress\/#organization","name":"Altstadth\u00e4usle \u00dcberlingen","url":"http:\/\/www.altstadthaeusle.de\/wordpress\/","logo":{"@type":"ImageObject","inLanguage":"de","@id":"http:\/\/www.altstadthaeusle.de\/wordpress\/#\/schema\/logo\/image\/","url":"http:\/\/www.altstadthaeusle.de\/wordpress\/wp-content\/uploads\/2018\/10\/frosch-02-512.png","contentUrl":"http:\/\/www.altstadthaeusle.de\/wordpress\/wp-content\/uploads\/2018\/10\/frosch-02-512.png","width":512,"height":512,"caption":"Altstadth\u00e4usle \u00dcberlingen"},"image":{"@id":"http:\/\/www.altstadthaeusle.de\/wordpress\/#\/schema\/logo\/image\/"},"sameAs":["https:\/\/www.facebook.com\/profile.php?id=100063706626687"]}]}},"_links":{"self":[{"href":"http:\/\/www.altstadthaeusle.de\/wordpress\/wp-json\/wp\/v2\/pages\/2","targetHints":{"allow":["GET"]}}],"collection":[{"href":"http:\/\/www.altstadthaeusle.de\/wordpress\/wp-json\/wp\/v2\/pages"}],"about":[{"href":"http:\/\/www.altstadthaeusle.de\/wordpress\/wp-json\/wp\/v2\/types\/page"}],"author":[{"embeddable":true,"href":"http:\/\/www.altstadthaeusle.de\/wordpress\/wp-json\/wp\/v2\/users\/1"}],"replies":[{"embeddable":true,"href":"http:\/\/www.altstadthaeusle.de\/wordpress\/wp-json\/wp\/v2\/comments?post=2"}],"version-history":[{"count":10,"href":"http:\/\/www.altstadthaeusle.de\/wordpress\/wp-json\/wp\/v2\/pages\/2\/revisions"}],"predecessor-version":[{"id":454,"href":"http:\/\/www.altstadthaeusle.de\/wordpress\/wp-json\/wp\/v2\/pages\/2\/revisions\/454"}],"wp:attachment":[{"href":"http:\/\/www.altstadthaeusle.de\/wordpress\/wp-json\/wp\/v2\/media?parent=2"}],"curies":[{"name":"wp","href":"https:\/\/api.w.org\/{rel}","templated":true}]}}