{"id":18,"date":"2018-08-05T18:03:07","date_gmt":"2018-08-05T16:03:07","guid":{"rendered":"http:\/\/www.altstadthaeusle.de\/wordpress\/?page_id=18"},"modified":"2025-01-27T09:28:03","modified_gmt":"2025-01-27T08:28:03","slug":"preise","status":"publish","type":"page","link":"http:\/\/www.altstadthaeusle.de\/wordpress\/preise\/","title":{"rendered":"Preise"},"content":{"rendered":"<table>\n<tbody>\n<tr>\n<td colspan=\"2\">\n<h3>Preis pro Nacht 2025<\/h3>\n<\/td>\n<\/tr>\n<tr>\n<td>&nbsp;<\/td>\n<td>ab 5 N\u00e4chte<\/td>\n<\/tr>\n<tr>\n<td>Eine Person<\/td>\n<td>100,00 \u20ac&nbsp;<\/td>\n<\/tr>\n<tr>\n<td>Zwei Personen<\/td>\n<td>100,00 \u20ac<\/td>\n<\/tr>\n<tr>\n<td>Drei Personen<\/td>\n<td>120,00 \u20ac<\/td>\n<\/tr>\n<tr>\n<td>Vier Personen<\/td>\n<td>140,00 \u20ac<\/td>\n<\/tr>\n<\/tbody>\n<\/table>\n<table style=\"height: 138px;\" width=\"412\">\n<tbody>\n<tr>\n<td colspan=\"2\"><strong>zuz\u00fcglich Kurtaxe<\/strong> <span class=\"kurtaxeinfo\"><br \/>\n<a href=\"http:\/\/www.ueberlingen-bodensee.de\/Service\/Kurtaxe\/Kurtaxe\" target=\"_blank\" rel=\"noopener noreferrer\">Informationen zur Kurtaxe-Regelung in \u00dcberlingen<\/a><br \/>\n<span class=\"kurtaxeinfobox\">seit 2021 haben wir die <a href=\"https:\/\/www.echt-bodensee.de\/planen\/echt-bodensee-card\">Echt Bodensee Card<\/a><\/span><\/span><\/td>\n<\/tr>\n<\/tbody>\n<\/table>\n<p><!--\n\n\n<table>\n\n\n<tr>\n\n\n<td colspan=\"2\"><a href=\"http:\/\/www.ueberlingen-bodensee.de\/Service\/Kurtaxe\/Kurtaxe\" target=\"_blank\" style=\"color: #FF0000; background-color: #fff;\" rel=\"noopener noreferrer\">Kurtaxe&auml;nderung ab dem 01. April 2017<\/a><\/td>\n\n\n<\/tr>\n\n\n\n\n<tr>\n\n\n<td>01. Januar - 31. M&auml;rz<\/td>\n\n\n\n\n<td class=\"center\">1,10 &euro;<\/td>\n\n\n<\/tr>\n\n\n\n\n<tr>\n\n\n<td>01. April - 31. Oktober<\/td>\n\n\n\n\n<td class=\"center\">2,00 &euro;<\/td>\n\n\n<\/tr>\n\n\n\n\n<tr>\n\n\n<td>01. November - 31. Dezember<\/td>\n\n\n\n\n<td class=\"center\">1,10 &euro;<\/td>\n\n\n<\/tr>\n\n\n\n\n<tr>\n\n\n<td colspan=\"2\">zu zahlen p. Person p. Tag ab dem 16. Lebensjahr<\/td>\n\n\n<\/tr>\n\n\n<\/table>\n\n\n--><\/p>\n","protected":false},"excerpt":{"rendered":"<p>Preis pro Nacht 2025 &nbsp; ab 5 N\u00e4chte Eine Person 100,00 \u20ac&nbsp; Zwei Personen 100,00 \u20ac Drei Personen 120,00 \u20ac Vier Personen 140,00 \u20ac zuz\u00fcglich Kurtaxe Informationen zur Kurtaxe-Regelung in \u00dcberlingen seit 2021 haben wir die Echt Bodensee Card<\/p>\n","protected":false},"author":1,"featured_media":0,"parent":0,"menu_order":0,"comment_status":"closed","ping_status":"closed","template":"","meta":{"ngg_post_thumbnail":0,"footnotes":""},"class_list":["post-18","page","type-page","status-publish","hentry"],"yoast_head":"<!-- This site is optimized with the Yoast SEO plugin v23.9 - https:\/\/yoast.com\/wordpress\/plugins\/seo\/ -->\n<title>Preise - Altstadth\u00e4usle \u00dcberlingen<\/title>\n<meta name=\"robots\" content=\"index, follow, max-snippet:-1, max-image-preview:large, max-video-preview:-1\" \/>\n<link rel=\"canonical\" href=\"http:\/\/www.altstadthaeusle.de\/wordpress\/preise\/\" \/>\n<meta property=\"og:locale\" content=\"de_DE\" \/>\n<meta property=\"og:type\" content=\"article\" \/>\n<meta property=\"og:title\" content=\"Preise - Altstadth\u00e4usle \u00dcberlingen\" \/>\n<meta property=\"og:description\" content=\"Preis pro Nacht 2025 &nbsp; ab 5 N\u00e4chte Eine Person 100,00 \u20ac&nbsp; Zwei Personen 100,00 \u20ac Drei Personen 120,00 \u20ac Vier Personen 140,00 \u20ac zuz\u00fcglich Kurtaxe Informationen zur Kurtaxe-Regelung in \u00dcberlingen seit 2021 haben wir die Echt Bodensee Card\" \/>\n<meta property=\"og:url\" content=\"http:\/\/www.altstadthaeusle.de\/wordpress\/preise\/\" \/>\n<meta property=\"og:site_name\" content=\"Altstadth\u00e4usle \u00dcberlingen\" \/>\n<meta property=\"article:publisher\" content=\"https:\/\/www.facebook.com\/profile.php?id=100063706626687\" \/>\n<meta property=\"article:modified_time\" content=\"2025-01-27T08:28:03+00:00\" \/>\n<meta name=\"twitter:card\" content=\"summary_large_image\" \/>\n<meta name=\"twitter:label1\" content=\"Gesch\u00e4tzte Lesezeit\" \/>\n\t<meta name=\"twitter:data1\" content=\"1\u00a0Minute\" \/>\n<script type=\"application\/ld+json\" class=\"yoast-schema-graph\">{\"@context\":\"https:\/\/schema.org\",\"@graph\":[{\"@type\":\"WebPage\",\"@id\":\"http:\/\/www.altstadthaeusle.de\/wordpress\/preise\/\",\"url\":\"http:\/\/www.altstadthaeusle.de\/wordpress\/preise\/\",\"name\":\"Preise - Altstadth\u00e4usle \u00dcberlingen\",\"isPartOf\":{\"@id\":\"http:\/\/www.altstadthaeusle.de\/wordpress\/#website\"},\"datePublished\":\"2018-08-05T16:03:07+00:00\",\"dateModified\":\"2025-01-27T08:28:03+00:00\",\"breadcrumb\":{\"@id\":\"http:\/\/www.altstadthaeusle.de\/wordpress\/preise\/#breadcrumb\"},\"inLanguage\":\"de\",\"potentialAction\":[{\"@type\":\"ReadAction\",\"target\":[\"http:\/\/www.altstadthaeusle.de\/wordpress\/preise\/\"]}]},{\"@type\":\"BreadcrumbList\",\"@id\":\"http:\/\/www.altstadthaeusle.de\/wordpress\/preise\/#breadcrumb\",\"itemListElement\":[{\"@type\":\"ListItem\",\"position\":1,\"name\":\"Startseite\",\"item\":\"http:\/\/www.altstadthaeusle.de\/wordpress\/\"},{\"@type\":\"ListItem\",\"position\":2,\"name\":\"Preise\"}]},{\"@type\":\"WebSite\",\"@id\":\"http:\/\/www.altstadthaeusle.de\/wordpress\/#website\",\"url\":\"http:\/\/www.altstadthaeusle.de\/wordpress\/\",\"name\":\"Altstadth\u00e4usle \u00dcberlingen\",\"description\":\"Ferienwohnung Altstadth\u00e4usle in \u00dcberlingen am Bodensee \",\"publisher\":{\"@id\":\"http:\/\/www.altstadthaeusle.de\/wordpress\/#organization\"},\"potentialAction\":[{\"@type\":\"SearchAction\",\"target\":{\"@type\":\"EntryPoint\",\"urlTemplate\":\"http:\/\/www.altstadthaeusle.de\/wordpress\/?s={search_term_string}\"},\"query-input\":{\"@type\":\"PropertyValueSpecification\",\"valueRequired\":true,\"valueName\":\"search_term_string\"}}],\"inLanguage\":\"de\"},{\"@type\":\"Organization\",\"@id\":\"http:\/\/www.altstadthaeusle.de\/wordpress\/#organization\",\"name\":\"Altstadth\u00e4usle \u00dcberlingen\",\"url\":\"http:\/\/www.altstadthaeusle.de\/wordpress\/\",\"logo\":{\"@type\":\"ImageObject\",\"inLanguage\":\"de\",\"@id\":\"http:\/\/www.altstadthaeusle.de\/wordpress\/#\/schema\/logo\/image\/\",\"url\":\"http:\/\/www.altstadthaeusle.de\/wordpress\/wp-content\/uploads\/2018\/10\/frosch-02-512.png\",\"contentUrl\":\"http:\/\/www.altstadthaeusle.de\/wordpress\/wp-content\/uploads\/2018\/10\/frosch-02-512.png\",\"width\":512,\"height\":512,\"caption\":\"Altstadth\u00e4usle \u00dcberlingen\"},\"image\":{\"@id\":\"http:\/\/www.altstadthaeusle.de\/wordpress\/#\/schema\/logo\/image\/\"},\"sameAs\":[\"https:\/\/www.facebook.com\/profile.php?id=100063706626687\"]}]}<\/script>\n<!-- \/ Yoast SEO plugin. -->","yoast_head_json":{"title":"Preise - Altstadth\u00e4usle \u00dcberlingen","robots":{"index":"index","follow":"follow","max-snippet":"max-snippet:-1","max-image-preview":"max-image-preview:large","max-video-preview":"max-video-preview:-1"},"canonical":"http:\/\/www.altstadthaeusle.de\/wordpress\/preise\/","og_locale":"de_DE","og_type":"article","og_title":"Preise - Altstadth\u00e4usle \u00dcberlingen","og_description":"Preis pro Nacht 2025 &nbsp; ab 5 N\u00e4chte Eine Person 100,00 \u20ac&nbsp; Zwei Personen 100,00 \u20ac Drei Personen 120,00 \u20ac Vier Personen 140,00 \u20ac zuz\u00fcglich Kurtaxe Informationen zur Kurtaxe-Regelung in \u00dcberlingen seit 2021 haben wir die Echt Bodensee Card","og_url":"http:\/\/www.altstadthaeusle.de\/wordpress\/preise\/","og_site_name":"Altstadth\u00e4usle \u00dcberlingen","article_publisher":"https:\/\/www.facebook.com\/profile.php?id=100063706626687","article_modified_time":"2025-01-27T08:28:03+00:00","twitter_card":"summary_large_image","twitter_misc":{"Gesch\u00e4tzte Lesezeit":"1\u00a0Minute"},"schema":{"@context":"https:\/\/schema.org","@graph":[{"@type":"WebPage","@id":"http:\/\/www.altstadthaeusle.de\/wordpress\/preise\/","url":"http:\/\/www.altstadthaeusle.de\/wordpress\/preise\/","name":"Preise - Altstadth\u00e4usle \u00dcberlingen","isPartOf":{"@id":"http:\/\/www.altstadthaeusle.de\/wordpress\/#website"},"datePublished":"2018-08-05T16:03:07+00:00","dateModified":"2025-01-27T08:28:03+00:00","breadcrumb":{"@id":"http:\/\/www.altstadthaeusle.de\/wordpress\/preise\/#breadcrumb"},"inLanguage":"de","potentialAction":[{"@type":"ReadAction","target":["http:\/\/www.altstadthaeusle.de\/wordpress\/preise\/"]}]},{"@type":"BreadcrumbList","@id":"http:\/\/www.altstadthaeusle.de\/wordpress\/preise\/#breadcrumb","itemListElement":[{"@type":"ListItem","position":1,"name":"Startseite","item":"http:\/\/www.altstadthaeusle.de\/wordpress\/"},{"@type":"ListItem","position":2,"name":"Preise"}]},{"@type":"WebSite","@id":"http:\/\/www.altstadthaeusle.de\/wordpress\/#website","url":"http:\/\/www.altstadthaeusle.de\/wordpress\/","name":"Altstadth\u00e4usle \u00dcberlingen","description":"Ferienwohnung Altstadth\u00e4usle in \u00dcberlingen am Bodensee ","publisher":{"@id":"http:\/\/www.altstadthaeusle.de\/wordpress\/#organization"},"potentialAction":[{"@type":"SearchAction","target":{"@type":"EntryPoint","urlTemplate":"http:\/\/www.altstadthaeusle.de\/wordpress\/?s={search_term_string}"},"query-input":{"@type":"PropertyValueSpecification","valueRequired":true,"valueName":"search_term_string"}}],"inLanguage":"de"},{"@type":"Organization","@id":"http:\/\/www.altstadthaeusle.de\/wordpress\/#organization","name":"Altstadth\u00e4usle \u00dcberlingen","url":"http:\/\/www.altstadthaeusle.de\/wordpress\/","logo":{"@type":"ImageObject","inLanguage":"de","@id":"http:\/\/www.altstadthaeusle.de\/wordpress\/#\/schema\/logo\/image\/","url":"http:\/\/www.altstadthaeusle.de\/wordpress\/wp-content\/uploads\/2018\/10\/frosch-02-512.png","contentUrl":"http:\/\/www.altstadthaeusle.de\/wordpress\/wp-content\/uploads\/2018\/10\/frosch-02-512.png","width":512,"height":512,"caption":"Altstadth\u00e4usle \u00dcberlingen"},"image":{"@id":"http:\/\/www.altstadthaeusle.de\/wordpress\/#\/schema\/logo\/image\/"},"sameAs":["https:\/\/www.facebook.com\/profile.php?id=100063706626687"]}]}},"_links":{"self":[{"href":"http:\/\/www.altstadthaeusle.de\/wordpress\/wp-json\/wp\/v2\/pages\/18","targetHints":{"allow":["GET"]}}],"collection":[{"href":"http:\/\/www.altstadthaeusle.de\/wordpress\/wp-json\/wp\/v2\/pages"}],"about":[{"href":"http:\/\/www.altstadthaeusle.de\/wordpress\/wp-json\/wp\/v2\/types\/page"}],"author":[{"embeddable":true,"href":"http:\/\/www.altstadthaeusle.de\/wordpress\/wp-json\/wp\/v2\/users\/1"}],"replies":[{"embeddable":true,"href":"http:\/\/www.altstadthaeusle.de\/wordpress\/wp-json\/wp\/v2\/comments?post=18"}],"version-history":[{"count":23,"href":"http:\/\/www.altstadthaeusle.de\/wordpress\/wp-json\/wp\/v2\/pages\/18\/revisions"}],"predecessor-version":[{"id":467,"href":"http:\/\/www.altstadthaeusle.de\/wordpress\/wp-json\/wp\/v2\/pages\/18\/revisions\/467"}],"wp:attachment":[{"href":"http:\/\/www.altstadthaeusle.de\/wordpress\/wp-json\/wp\/v2\/media?parent=18"}],"curies":[{"name":"wp","href":"https:\/\/api.w.org\/{rel}","templated":true}]}}