{"id":14,"date":"2018-08-05T18:00:59","date_gmt":"2018-08-05T16:00:59","guid":{"rendered":"http:\/\/www.altstadthaeusle.de\/wordpress\/?page_id=14"},"modified":"2018-08-05T18:01:33","modified_gmt":"2018-08-05T16:01:33","slug":"lageplan","status":"publish","type":"page","link":"http:\/\/www.altstadthaeusle.de\/wordpress\/lageplan\/","title":{"rendered":"Lageplan"},"content":{"rendered":"<p><iframe loading=\"lazy\" src=\"https:\/\/www.google.com\/maps\/embed?pb=!1m18!1m12!1m3!1d2681.7965758277637!2d9.159341315636063!3d47.765999979195534!2m3!1f0!2f0!3f0!3m2!1i1024!2i768!4f13.1!3m3!1m2!1s0x479a593245555e05%3A0x9ea161d8e74f5f5e!2sSchulstra%C3%9Fe+9%2C+88662+%C3%9Cberlingen!5e0!3m2!1sde!2sde!4v1533484835396\" width=\"600\" height=\"450\" frameborder=\"0\" style=\"border:0\" allowfullscreen><\/iframe><\/p>\n","protected":false},"excerpt":{"rendered":"","protected":false},"author":1,"featured_media":0,"parent":0,"menu_order":0,"comment_status":"closed","ping_status":"closed","template":"","meta":{"ngg_post_thumbnail":0,"footnotes":""},"class_list":["post-14","page","type-page","status-publish","hentry"],"yoast_head":"<!-- This site is optimized with the Yoast SEO plugin v23.9 - https:\/\/yoast.com\/wordpress\/plugins\/seo\/ -->\n<title>Lageplan - Altstadth\u00e4usle \u00dcberlingen<\/title>\n<meta name=\"robots\" content=\"index, follow, max-snippet:-1, max-image-preview:large, max-video-preview:-1\" \/>\n<link rel=\"canonical\" href=\"http:\/\/www.altstadthaeusle.de\/wordpress\/lageplan\/\" \/>\n<meta property=\"og:locale\" content=\"de_DE\" \/>\n<meta property=\"og:type\" content=\"article\" \/>\n<meta property=\"og:title\" content=\"Lageplan - Altstadth\u00e4usle \u00dcberlingen\" \/>\n<meta property=\"og:url\" content=\"http:\/\/www.altstadthaeusle.de\/wordpress\/lageplan\/\" \/>\n<meta property=\"og:site_name\" content=\"Altstadth\u00e4usle \u00dcberlingen\" \/>\n<meta property=\"article:publisher\" content=\"https:\/\/www.facebook.com\/profile.php?id=100063706626687\" \/>\n<meta property=\"article:modified_time\" content=\"2018-08-05T16:01:33+00:00\" \/>\n<meta name=\"twitter:card\" content=\"summary_large_image\" \/>\n<script type=\"application\/ld+json\" class=\"yoast-schema-graph\">{\"@context\":\"https:\/\/schema.org\",\"@graph\":[{\"@type\":\"WebPage\",\"@id\":\"http:\/\/www.altstadthaeusle.de\/wordpress\/lageplan\/\",\"url\":\"http:\/\/www.altstadthaeusle.de\/wordpress\/lageplan\/\",\"name\":\"Lageplan - Altstadth\u00e4usle \u00dcberlingen\",\"isPartOf\":{\"@id\":\"http:\/\/www.altstadthaeusle.de\/wordpress\/#website\"},\"datePublished\":\"2018-08-05T16:00:59+00:00\",\"dateModified\":\"2018-08-05T16:01:33+00:00\",\"breadcrumb\":{\"@id\":\"http:\/\/www.altstadthaeusle.de\/wordpress\/lageplan\/#breadcrumb\"},\"inLanguage\":\"de\",\"potentialAction\":[{\"@type\":\"ReadAction\",\"target\":[\"http:\/\/www.altstadthaeusle.de\/wordpress\/lageplan\/\"]}]},{\"@type\":\"BreadcrumbList\",\"@id\":\"http:\/\/www.altstadthaeusle.de\/wordpress\/lageplan\/#breadcrumb\",\"itemListElement\":[{\"@type\":\"ListItem\",\"position\":1,\"name\":\"Startseite\",\"item\":\"http:\/\/www.altstadthaeusle.de\/wordpress\/\"},{\"@type\":\"ListItem\",\"position\":2,\"name\":\"Lageplan\"}]},{\"@type\":\"WebSite\",\"@id\":\"http:\/\/www.altstadthaeusle.de\/wordpress\/#website\",\"url\":\"http:\/\/www.altstadthaeusle.de\/wordpress\/\",\"name\":\"Altstadth\u00e4usle \u00dcberlingen\",\"description\":\"Ferienwohnung Altstadth\u00e4usle in \u00dcberlingen am Bodensee \",\"publisher\":{\"@id\":\"http:\/\/www.altstadthaeusle.de\/wordpress\/#organization\"},\"potentialAction\":[{\"@type\":\"SearchAction\",\"target\":{\"@type\":\"EntryPoint\",\"urlTemplate\":\"http:\/\/www.altstadthaeusle.de\/wordpress\/?s={search_term_string}\"},\"query-input\":{\"@type\":\"PropertyValueSpecification\",\"valueRequired\":true,\"valueName\":\"search_term_string\"}}],\"inLanguage\":\"de\"},{\"@type\":\"Organization\",\"@id\":\"http:\/\/www.altstadthaeusle.de\/wordpress\/#organization\",\"name\":\"Altstadth\u00e4usle \u00dcberlingen\",\"url\":\"http:\/\/www.altstadthaeusle.de\/wordpress\/\",\"logo\":{\"@type\":\"ImageObject\",\"inLanguage\":\"de\",\"@id\":\"http:\/\/www.altstadthaeusle.de\/wordpress\/#\/schema\/logo\/image\/\",\"url\":\"http:\/\/www.altstadthaeusle.de\/wordpress\/wp-content\/uploads\/2018\/10\/frosch-02-512.png\",\"contentUrl\":\"http:\/\/www.altstadthaeusle.de\/wordpress\/wp-content\/uploads\/2018\/10\/frosch-02-512.png\",\"width\":512,\"height\":512,\"caption\":\"Altstadth\u00e4usle \u00dcberlingen\"},\"image\":{\"@id\":\"http:\/\/www.altstadthaeusle.de\/wordpress\/#\/schema\/logo\/image\/\"},\"sameAs\":[\"https:\/\/www.facebook.com\/profile.php?id=100063706626687\"]}]}<\/script>\n<!-- \/ Yoast SEO plugin. -->","yoast_head_json":{"title":"Lageplan - Altstadth\u00e4usle \u00dcberlingen","robots":{"index":"index","follow":"follow","max-snippet":"max-snippet:-1","max-image-preview":"max-image-preview:large","max-video-preview":"max-video-preview:-1"},"canonical":"http:\/\/www.altstadthaeusle.de\/wordpress\/lageplan\/","og_locale":"de_DE","og_type":"article","og_title":"Lageplan - Altstadth\u00e4usle \u00dcberlingen","og_url":"http:\/\/www.altstadthaeusle.de\/wordpress\/lageplan\/","og_site_name":"Altstadth\u00e4usle \u00dcberlingen","article_publisher":"https:\/\/www.facebook.com\/profile.php?id=100063706626687","article_modified_time":"2018-08-05T16:01:33+00:00","twitter_card":"summary_large_image","schema":{"@context":"https:\/\/schema.org","@graph":[{"@type":"WebPage","@id":"http:\/\/www.altstadthaeusle.de\/wordpress\/lageplan\/","url":"http:\/\/www.altstadthaeusle.de\/wordpress\/lageplan\/","name":"Lageplan - Altstadth\u00e4usle \u00dcberlingen","isPartOf":{"@id":"http:\/\/www.altstadthaeusle.de\/wordpress\/#website"},"datePublished":"2018-08-05T16:00:59+00:00","dateModified":"2018-08-05T16:01:33+00:00","breadcrumb":{"@id":"http:\/\/www.altstadthaeusle.de\/wordpress\/lageplan\/#breadcrumb"},"inLanguage":"de","potentialAction":[{"@type":"ReadAction","target":["http:\/\/www.altstadthaeusle.de\/wordpress\/lageplan\/"]}]},{"@type":"BreadcrumbList","@id":"http:\/\/www.altstadthaeusle.de\/wordpress\/lageplan\/#breadcrumb","itemListElement":[{"@type":"ListItem","position":1,"name":"Startseite","item":"http:\/\/www.altstadthaeusle.de\/wordpress\/"},{"@type":"ListItem","position":2,"name":"Lageplan"}]},{"@type":"WebSite","@id":"http:\/\/www.altstadthaeusle.de\/wordpress\/#website","url":"http:\/\/www.altstadthaeusle.de\/wordpress\/","name":"Altstadth\u00e4usle \u00dcberlingen","description":"Ferienwohnung Altstadth\u00e4usle in \u00dcberlingen am Bodensee ","publisher":{"@id":"http:\/\/www.altstadthaeusle.de\/wordpress\/#organization"},"potentialAction":[{"@type":"SearchAction","target":{"@type":"EntryPoint","urlTemplate":"http:\/\/www.altstadthaeusle.de\/wordpress\/?s={search_term_string}"},"query-input":{"@type":"PropertyValueSpecification","valueRequired":true,"valueName":"search_term_string"}}],"inLanguage":"de"},{"@type":"Organization","@id":"http:\/\/www.altstadthaeusle.de\/wordpress\/#organization","name":"Altstadth\u00e4usle \u00dcberlingen","url":"http:\/\/www.altstadthaeusle.de\/wordpress\/","logo":{"@type":"ImageObject","inLanguage":"de","@id":"http:\/\/www.altstadthaeusle.de\/wordpress\/#\/schema\/logo\/image\/","url":"http:\/\/www.altstadthaeusle.de\/wordpress\/wp-content\/uploads\/2018\/10\/frosch-02-512.png","contentUrl":"http:\/\/www.altstadthaeusle.de\/wordpress\/wp-content\/uploads\/2018\/10\/frosch-02-512.png","width":512,"height":512,"caption":"Altstadth\u00e4usle \u00dcberlingen"},"image":{"@id":"http:\/\/www.altstadthaeusle.de\/wordpress\/#\/schema\/logo\/image\/"},"sameAs":["https:\/\/www.facebook.com\/profile.php?id=100063706626687"]}]}},"_links":{"self":[{"href":"http:\/\/www.altstadthaeusle.de\/wordpress\/wp-json\/wp\/v2\/pages\/14","targetHints":{"allow":["GET"]}}],"collection":[{"href":"http:\/\/www.altstadthaeusle.de\/wordpress\/wp-json\/wp\/v2\/pages"}],"about":[{"href":"http:\/\/www.altstadthaeusle.de\/wordpress\/wp-json\/wp\/v2\/types\/page"}],"author":[{"embeddable":true,"href":"http:\/\/www.altstadthaeusle.de\/wordpress\/wp-json\/wp\/v2\/users\/1"}],"replies":[{"embeddable":true,"href":"http:\/\/www.altstadthaeusle.de\/wordpress\/wp-json\/wp\/v2\/comments?post=14"}],"version-history":[{"count":3,"href":"http:\/\/www.altstadthaeusle.de\/wordpress\/wp-json\/wp\/v2\/pages\/14\/revisions"}],"predecessor-version":[{"id":104,"href":"http:\/\/www.altstadthaeusle.de\/wordpress\/wp-json\/wp\/v2\/pages\/14\/revisions\/104"}],"wp:attachment":[{"href":"http:\/\/www.altstadthaeusle.de\/wordpress\/wp-json\/wp\/v2\/media?parent=14"}],"curies":[{"name":"wp","href":"https:\/\/api.w.org\/{rel}","templated":true}]}}